{"id":11110,"date":"2023-01-18T19:49:08","date_gmt":"2023-01-18T19:49:08","guid":{"rendered":"https:\/\/www.studiodentis.lt\/?page_id=11110"},"modified":"2023-03-08T16:14:15","modified_gmt":"2023-03-08T16:14:15","slug":"danties-trauma","status":"publish","type":"page","link":"http:\/\/www.studiodentis.lt\/en\/tooth-trauma\/","title":{"rendered":"Smile gallery"},"content":{"rendered":"<div data-elementor-type=\"wp-page\" data-elementor-id=\"11110\" class=\"elementor elementor-11110\">\n\t\t\t\t\t\t<section class=\"elementor-section elementor-top-section elementor-element elementor-element-f0ae6d4 qodef-elementor-content-grid elementor-section-full_width elementor-section-stretched elementor-section-height-default elementor-section-height-default\" data-id=\"f0ae6d4\" data-element_type=\"section\" data-settings=\"{&quot;background_background&quot;:&quot;classic&quot;,&quot;stretch_section&quot;:&quot;section-stretched&quot;}\">\n\t\t\t\t\t\t<div class=\"elementor-container elementor-column-gap-default\">\n\t\t\t\t\t<div class=\"elementor-column elementor-col-100 elementor-top-column elementor-element elementor-element-9f33183\" data-id=\"9f33183\" data-element_type=\"column\">\n\t\t\t<div class=\"elementor-widget-wrap elementor-element-populated\">\n\t\t\t\t\t\t<div class=\"elementor-element elementor-element-137868f elementor-widget elementor-widget-allsmiles_core_section_title\" data-id=\"137868f\" data-element_type=\"widget\" data-widget_type=\"allsmiles_core_section_title.default\">\n\t\t\t\t<div class=\"elementor-widget-container\">\n\t\t\t\t\t<div class=\"qodef-shortcode qodef-m  qodef-section-title qodef-alignment--center\">\n\t\t\t<h2 class=\"qodef-m-title\" >\n\t\t\t\t\tSmile gallery \t\t\t<\/h2>\n\t<\/div>\n\t\t\t\t<\/div>\n\t\t\t\t<\/div>\n\t\t\t\t\t<\/div>\n\t\t<\/div>\n\t\t\t\t\t<\/div>\n\t\t<\/section>\n\t\t\t\t<section class=\"elementor-section elementor-top-section elementor-element elementor-element-ef031a5 elementor-section-boxed elementor-section-height-default elementor-section-height-default qodef-elementor-content-no\" data-id=\"ef031a5\" data-element_type=\"section\">\n\t\t\t\t\t\t<div class=\"elementor-container elementor-column-gap-default\">\n\t\t\t\t\t<div class=\"elementor-column elementor-col-100 elementor-top-column elementor-element elementor-element-2b019cf\" data-id=\"2b019cf\" data-element_type=\"column\">\n\t\t\t<div class=\"elementor-widget-wrap elementor-element-populated\">\n\t\t\t\t\t\t<div class=\"elementor-element elementor-element-b6307ce elementor-widget elementor-widget-text-editor\" data-id=\"b6307ce\" data-element_type=\"widget\" data-widget_type=\"text-editor.default\">\n\t\t\t\t<div class=\"elementor-widget-container\">\n\t\t\t\t\t\t\t\t\t<h4 style=\"text-align: center;\">Tooth trauma, root restoration<\/h4>\t\t\t\t\t\t\t\t<\/div>\n\t\t\t\t<\/div>\n\t\t\t\t\t<\/div>\n\t\t<\/div>\n\t\t\t\t\t<\/div>\n\t\t<\/section>\n\t\t\t\t<section class=\"elementor-section elementor-top-section elementor-element elementor-element-2665550 elementor-section-boxed elementor-section-height-default elementor-section-height-default qodef-elementor-content-no\" data-id=\"2665550\" data-element_type=\"section\">\n\t\t\t\t\t\t<div class=\"elementor-container elementor-column-gap-default\">\n\t\t\t\t\t<div class=\"elementor-column elementor-col-100 elementor-top-column elementor-element elementor-element-626ccbf\" data-id=\"626ccbf\" data-element_type=\"column\" data-settings=\"{&quot;background_background&quot;:&quot;classic&quot;}\">\n\t\t\t<div class=\"elementor-widget-wrap elementor-element-populated\">\n\t\t\t\t\t\t<section class=\"elementor-section elementor-inner-section elementor-element elementor-element-b29751e elementor-section-boxed elementor-section-height-default elementor-section-height-default qodef-elementor-content-no\" data-id=\"b29751e\" data-element_type=\"section\">\n\t\t\t\t\t\t<div class=\"elementor-container elementor-column-gap-default\">\n\t\t\t\t\t<div class=\"elementor-column elementor-col-33 elementor-inner-column elementor-element elementor-element-fc21c65\" data-id=\"fc21c65\" data-element_type=\"column\" data-settings=\"{&quot;background_background&quot;:&quot;classic&quot;}\">\n\t\t\t<div class=\"elementor-widget-wrap elementor-element-populated\">\n\t\t\t\t\t\t<div class=\"elementor-element elementor-element-d39de53 elementor-widget elementor-widget-text-editor\" data-id=\"d39de53\" data-element_type=\"widget\" data-widget_type=\"text-editor.default\">\n\t\t\t\t<div class=\"elementor-widget-container\">\n\t\t\t\t\t\t\t\t\t<p><span style=\"white-space: pre-wrap;\">Before the visit<\/span><\/p>\t\t\t\t\t\t\t\t<\/div>\n\t\t\t\t<\/div>\n\t\t\t\t<div class=\"elementor-element elementor-element-e1fdcb9 elementor-widget elementor-widget-image\" data-id=\"e1fdcb9\" data-element_type=\"widget\" data-widget_type=\"image.default\">\n\t\t\t\t<div class=\"elementor-widget-container\">\n\t\t\t\t\t\t\t\t\t\t\t\t\t\t\t<img fetchpriority=\"high\" decoding=\"async\" width=\"407\" height=\"159\" src=\"https:\/\/www.studiodentis.lt\/wp-content\/uploads\/2023\/01\/1-pries-9.jpg\" class=\"attachment-full size-full wp-image-11080\" alt=\"\" srcset=\"https:\/\/www.studiodentis.lt\/wp-content\/uploads\/2023\/01\/1-pries-9.jpg 407w, https:\/\/www.studiodentis.lt\/wp-content\/uploads\/2023\/01\/1-pries-9-300x117.jpg 300w\" sizes=\"(max-width: 407px) 100vw, 407px\" \/>\t\t\t\t\t\t\t\t\t\t\t\t\t\t\t<\/div>\n\t\t\t\t<\/div>\n\t\t\t\t<div class=\"elementor-element elementor-element-f5474f8 elementor-widget elementor-widget-text-editor\" data-id=\"f5474f8\" data-element_type=\"widget\" data-widget_type=\"text-editor.default\">\n\t\t\t\t<div class=\"elementor-widget-container\">\n\t\t\t\t\t\t\t\t\t<p><span style=\"white-space: pre-wrap;\">After the visit<\/span><\/p>\t\t\t\t\t\t\t\t<\/div>\n\t\t\t\t<\/div>\n\t\t\t\t<div class=\"elementor-element elementor-element-14febc0 elementor-widget elementor-widget-image\" data-id=\"14febc0\" data-element_type=\"widget\" data-widget_type=\"image.default\">\n\t\t\t\t<div class=\"elementor-widget-container\">\n\t\t\t\t\t\t\t\t\t\t\t\t\t\t\t<img decoding=\"async\" width=\"407\" height=\"159\" data-src=\"https:\/\/www.studiodentis.lt\/wp-content\/uploads\/2023\/01\/1-po-9.jpg\" class=\"attachment-full size-full wp-image-11081 lazyload\" alt=\"\" data-srcset=\"https:\/\/www.studiodentis.lt\/wp-content\/uploads\/2023\/01\/1-po-9.jpg 407w, https:\/\/www.studiodentis.lt\/wp-content\/uploads\/2023\/01\/1-po-9-300x117.jpg 300w\" data-sizes=\"(max-width: 407px) 100vw, 407px\" src=\"data:image\/svg+xml;base64,PHN2ZyB3aWR0aD0iMSIgaGVpZ2h0PSIxIiB4bWxucz0iaHR0cDovL3d3dy53My5vcmcvMjAwMC9zdmciPjwvc3ZnPg==\" style=\"--smush-placeholder-width: 407px; --smush-placeholder-aspect-ratio: 407\/159;\" \/>\t\t\t\t\t\t\t\t\t\t\t\t\t\t\t<\/div>\n\t\t\t\t<\/div>\n\t\t\t\t\t<\/div>\n\t\t<\/div>\n\t\t\t\t<div class=\"elementor-column elementor-col-33 elementor-inner-column elementor-element elementor-element-44690b4\" data-id=\"44690b4\" data-element_type=\"column\" data-settings=\"{&quot;background_background&quot;:&quot;classic&quot;}\">\n\t\t\t<div class=\"elementor-widget-wrap elementor-element-populated\">\n\t\t\t\t\t\t<div class=\"elementor-element elementor-element-6421006 elementor-widget elementor-widget-text-editor\" data-id=\"6421006\" data-element_type=\"widget\" data-widget_type=\"text-editor.default\">\n\t\t\t\t<div class=\"elementor-widget-container\">\n\t\t\t\t\t\t\t\t\t<p><span style=\"white-space: pre-wrap;\">Before the visit<\/span><\/p>\t\t\t\t\t\t\t\t<\/div>\n\t\t\t\t<\/div>\n\t\t\t\t<div class=\"elementor-element elementor-element-e2022b8 elementor-widget elementor-widget-image\" data-id=\"e2022b8\" data-element_type=\"widget\" data-widget_type=\"image.default\">\n\t\t\t\t<div class=\"elementor-widget-container\">\n\t\t\t\t\t\t\t\t\t\t\t\t\t\t\t<img decoding=\"async\" width=\"407\" height=\"159\" data-src=\"https:\/\/www.studiodentis.lt\/wp-content\/uploads\/2023\/01\/2-pries-9.jpg\" class=\"attachment-full size-full wp-image-11078 lazyload\" alt=\"\" data-srcset=\"https:\/\/www.studiodentis.lt\/wp-content\/uploads\/2023\/01\/2-pries-9.jpg 407w, https:\/\/www.studiodentis.lt\/wp-content\/uploads\/2023\/01\/2-pries-9-300x117.jpg 300w\" data-sizes=\"(max-width: 407px) 100vw, 407px\" src=\"data:image\/svg+xml;base64,PHN2ZyB3aWR0aD0iMSIgaGVpZ2h0PSIxIiB4bWxucz0iaHR0cDovL3d3dy53My5vcmcvMjAwMC9zdmciPjwvc3ZnPg==\" style=\"--smush-placeholder-width: 407px; --smush-placeholder-aspect-ratio: 407\/159;\" \/>\t\t\t\t\t\t\t\t\t\t\t\t\t\t\t<\/div>\n\t\t\t\t<\/div>\n\t\t\t\t<div class=\"elementor-element elementor-element-345c336 elementor-widget elementor-widget-text-editor\" data-id=\"345c336\" data-element_type=\"widget\" data-widget_type=\"text-editor.default\">\n\t\t\t\t<div class=\"elementor-widget-container\">\n\t\t\t\t\t\t\t\t\t<p><span style=\"white-space: pre-wrap;\">After the visit<\/span><\/p>\t\t\t\t\t\t\t\t<\/div>\n\t\t\t\t<\/div>\n\t\t\t\t<div class=\"elementor-element elementor-element-d403ae0 elementor-widget elementor-widget-image\" data-id=\"d403ae0\" data-element_type=\"widget\" data-widget_type=\"image.default\">\n\t\t\t\t<div class=\"elementor-widget-container\">\n\t\t\t\t\t\t\t\t\t\t\t\t\t\t\t<img decoding=\"async\" width=\"407\" height=\"159\" data-src=\"https:\/\/www.studiodentis.lt\/wp-content\/uploads\/2023\/01\/2-po-9.jpg\" class=\"attachment-full size-full wp-image-11079 lazyload\" alt=\"\" data-srcset=\"https:\/\/www.studiodentis.lt\/wp-content\/uploads\/2023\/01\/2-po-9.jpg 407w, https:\/\/www.studiodentis.lt\/wp-content\/uploads\/2023\/01\/2-po-9-300x117.jpg 300w\" data-sizes=\"(max-width: 407px) 100vw, 407px\" src=\"data:image\/svg+xml;base64,PHN2ZyB3aWR0aD0iMSIgaGVpZ2h0PSIxIiB4bWxucz0iaHR0cDovL3d3dy53My5vcmcvMjAwMC9zdmciPjwvc3ZnPg==\" style=\"--smush-placeholder-width: 407px; --smush-placeholder-aspect-ratio: 407\/159;\" \/>\t\t\t\t\t\t\t\t\t\t\t\t\t\t\t<\/div>\n\t\t\t\t<\/div>\n\t\t\t\t\t<\/div>\n\t\t<\/div>\n\t\t\t\t<div class=\"elementor-column elementor-col-33 elementor-inner-column elementor-element elementor-element-d840c07\" data-id=\"d840c07\" data-element_type=\"column\" data-settings=\"{&quot;background_background&quot;:&quot;classic&quot;}\">\n\t\t\t<div class=\"elementor-widget-wrap elementor-element-populated\">\n\t\t\t\t\t\t<div class=\"elementor-element elementor-element-38d5186 elementor-widget elementor-widget-text-editor\" data-id=\"38d5186\" data-element_type=\"widget\" data-widget_type=\"text-editor.default\">\n\t\t\t\t<div class=\"elementor-widget-container\">\n\t\t\t\t\t\t\t\t\t<p><span style=\"white-space: pre-wrap;\">Before the visit<\/span><\/p>\t\t\t\t\t\t\t\t<\/div>\n\t\t\t\t<\/div>\n\t\t\t\t<div class=\"elementor-element elementor-element-76c4c12 elementor-widget elementor-widget-image\" data-id=\"76c4c12\" data-element_type=\"widget\" data-widget_type=\"image.default\">\n\t\t\t\t<div class=\"elementor-widget-container\">\n\t\t\t\t\t\t\t\t\t\t\t\t\t\t\t<img decoding=\"async\" width=\"407\" height=\"159\" data-src=\"https:\/\/www.studiodentis.lt\/wp-content\/uploads\/2023\/01\/3-pries-9.jpg\" class=\"attachment-full size-full wp-image-11076 lazyload\" alt=\"\" data-srcset=\"https:\/\/www.studiodentis.lt\/wp-content\/uploads\/2023\/01\/3-pries-9.jpg 407w, https:\/\/www.studiodentis.lt\/wp-content\/uploads\/2023\/01\/3-pries-9-300x117.jpg 300w\" data-sizes=\"(max-width: 407px) 100vw, 407px\" src=\"data:image\/svg+xml;base64,PHN2ZyB3aWR0aD0iMSIgaGVpZ2h0PSIxIiB4bWxucz0iaHR0cDovL3d3dy53My5vcmcvMjAwMC9zdmciPjwvc3ZnPg==\" style=\"--smush-placeholder-width: 407px; --smush-placeholder-aspect-ratio: 407\/159;\" \/>\t\t\t\t\t\t\t\t\t\t\t\t\t\t\t<\/div>\n\t\t\t\t<\/div>\n\t\t\t\t<div class=\"elementor-element elementor-element-d110ab3 elementor-widget elementor-widget-text-editor\" data-id=\"d110ab3\" data-element_type=\"widget\" data-widget_type=\"text-editor.default\">\n\t\t\t\t<div class=\"elementor-widget-container\">\n\t\t\t\t\t\t\t\t\t<p><span style=\"white-space: pre-wrap;\">After the visit<\/span><\/p>\t\t\t\t\t\t\t\t<\/div>\n\t\t\t\t<\/div>\n\t\t\t\t<div class=\"elementor-element elementor-element-6297238 elementor-widget elementor-widget-image\" data-id=\"6297238\" data-element_type=\"widget\" data-widget_type=\"image.default\">\n\t\t\t\t<div class=\"elementor-widget-container\">\n\t\t\t\t\t\t\t\t\t\t\t\t\t\t\t<img decoding=\"async\" width=\"407\" height=\"159\" data-src=\"https:\/\/www.studiodentis.lt\/wp-content\/uploads\/2023\/01\/3-po-9.jpg\" class=\"attachment-full size-full wp-image-11077 lazyload\" alt=\"\" data-srcset=\"https:\/\/www.studiodentis.lt\/wp-content\/uploads\/2023\/01\/3-po-9.jpg 407w, https:\/\/www.studiodentis.lt\/wp-content\/uploads\/2023\/01\/3-po-9-300x117.jpg 300w\" data-sizes=\"(max-width: 407px) 100vw, 407px\" src=\"data:image\/svg+xml;base64,PHN2ZyB3aWR0aD0iMSIgaGVpZ2h0PSIxIiB4bWxucz0iaHR0cDovL3d3dy53My5vcmcvMjAwMC9zdmciPjwvc3ZnPg==\" style=\"--smush-placeholder-width: 407px; --smush-placeholder-aspect-ratio: 407\/159;\" \/>\t\t\t\t\t\t\t\t\t\t\t\t\t\t\t<\/div>\n\t\t\t\t<\/div>\n\t\t\t\t\t<\/div>\n\t\t<\/div>\n\t\t\t\t\t<\/div>\n\t\t<\/section>\n\t\t\t\t\t<\/div>\n\t\t<\/div>\n\t\t\t\t\t<\/div>\n\t\t<\/section>\n\t\t\t\t<section class=\"elementor-section elementor-top-section elementor-element elementor-element-e4a9417 elementor-section-boxed elementor-section-height-default elementor-section-height-default qodef-elementor-content-no\" data-id=\"e4a9417\" data-element_type=\"section\">\n\t\t\t\t\t\t<div class=\"elementor-container elementor-column-gap-default\">\n\t\t\t\t\t<div class=\"elementor-column elementor-col-100 elementor-top-column elementor-element elementor-element-7633273\" data-id=\"7633273\" data-element_type=\"column\">\n\t\t\t<div class=\"elementor-widget-wrap elementor-element-populated\">\n\t\t\t\t\t\t<div class=\"elementor-element elementor-element-9c30a6a elementor-widget-divider--view-line elementor-widget elementor-widget-divider\" data-id=\"9c30a6a\" data-element_type=\"widget\" data-widget_type=\"divider.default\">\n\t\t\t\t<div class=\"elementor-widget-container\">\n\t\t\t\t\t\t\t<div class=\"elementor-divider\">\n\t\t\t<span class=\"elementor-divider-separator\">\n\t\t\t\t\t\t<\/span>\n\t\t<\/div>\n\t\t\t\t\t\t<\/div>\n\t\t\t\t<\/div>\n\t\t\t\t\t<\/div>\n\t\t<\/div>\n\t\t\t\t\t<\/div>\n\t\t<\/section>\n\t\t\t\t<\/div>","protected":false},"excerpt":{"rendered":"<p>Smile Gallery Tooth trauma, root canal restoration Pre-visit Post-visit Pre-visit Post-visit Post-visit Post-visit<\/p>","protected":false},"author":1,"featured_media":0,"parent":0,"menu_order":0,"comment_status":"closed","ping_status":"closed","template":"page-full-width.php","meta":{"inline_featured_image":false,"footnotes":""},"class_list":["post-11110","page","type-page","status-publish","hentry"],"yoast_head":"<!-- This site is optimized with the Yoast SEO plugin v26.7 - https:\/\/yoast.com\/wordpress\/plugins\/seo\/ -->\n<title>\u0160ypsen\u0173 galerija - Estetin\u0117s odontologijos klinika<\/title>\n<meta name=\"robots\" content=\"index, follow, max-snippet:-1, max-image-preview:large, max-video-preview:-1\" \/>\n<link rel=\"canonical\" href=\"http:\/\/www.studiodentis.lt\/en\/tooth-trauma\/\" \/>\n<meta property=\"og:locale\" content=\"en_GB\" \/>\n<meta property=\"og:type\" content=\"article\" \/>\n<meta property=\"og:title\" content=\"\u0160ypsen\u0173 galerija - Estetin\u0117s odontologijos klinika\" \/>\n<meta property=\"og:description\" content=\"\u0160ypsen\u0173 galerija Danties trauma, restauracija ant \u0161aknies Prie\u0161 apsilankym\u0105 Po apsilankymo Prie\u0161 apsilankym\u0105 Po apsilankymo Prie\u0161 apsilankym\u0105 Po apsilankymo\" \/>\n<meta property=\"og:url\" content=\"http:\/\/www.studiodentis.lt\/en\/tooth-trauma\/\" \/>\n<meta property=\"og:site_name\" content=\"Estetin\u0117s odontologijos klinika\" \/>\n<meta property=\"article:modified_time\" content=\"2023-03-08T16:14:15+00:00\" \/>\n<meta property=\"og:image\" content=\"https:\/\/www.studiodentis.lt\/wp-content\/uploads\/2023\/01\/1-pries-9.jpg\" \/>\n<meta name=\"twitter:card\" content=\"summary_large_image\" \/>\n<meta name=\"twitter:label1\" content=\"Estimated reading time\" \/>\n\t<meta name=\"twitter:data1\" content=\"2 minutes\" \/>\n<script type=\"application\/ld+json\" class=\"yoast-schema-graph\">{\"@context\":\"https:\/\/schema.org\",\"@graph\":[{\"@type\":\"WebPage\",\"@id\":\"https:\/\/www.studiodentis.lt\/danties-trauma\/\",\"url\":\"https:\/\/www.studiodentis.lt\/danties-trauma\/\",\"name\":\"\u0160ypsen\u0173 galerija - Estetin\u0117s odontologijos klinika\",\"isPartOf\":{\"@id\":\"https:\/\/www.studiodentis.lt\/#website\"},\"primaryImageOfPage\":{\"@id\":\"https:\/\/www.studiodentis.lt\/danties-trauma\/#primaryimage\"},\"image\":{\"@id\":\"https:\/\/www.studiodentis.lt\/danties-trauma\/#primaryimage\"},\"thumbnailUrl\":\"https:\/\/www.studiodentis.lt\/wp-content\/uploads\/2023\/01\/1-pries-9.jpg\",\"datePublished\":\"2023-01-18T19:49:08+00:00\",\"dateModified\":\"2023-03-08T16:14:15+00:00\",\"breadcrumb\":{\"@id\":\"https:\/\/www.studiodentis.lt\/danties-trauma\/#breadcrumb\"},\"inLanguage\":\"en-GB\",\"potentialAction\":[{\"@type\":\"ReadAction\",\"target\":[\"https:\/\/www.studiodentis.lt\/danties-trauma\/\"]}]},{\"@type\":\"ImageObject\",\"inLanguage\":\"en-GB\",\"@id\":\"https:\/\/www.studiodentis.lt\/danties-trauma\/#primaryimage\",\"url\":\"https:\/\/www.studiodentis.lt\/wp-content\/uploads\/2023\/01\/1-pries-9.jpg\",\"contentUrl\":\"https:\/\/www.studiodentis.lt\/wp-content\/uploads\/2023\/01\/1-pries-9.jpg\"},{\"@type\":\"BreadcrumbList\",\"@id\":\"https:\/\/www.studiodentis.lt\/danties-trauma\/#breadcrumb\",\"itemListElement\":[{\"@type\":\"ListItem\",\"position\":1,\"name\":\"Home\",\"item\":\"https:\/\/www.studiodentis.lt\/\"},{\"@type\":\"ListItem\",\"position\":2,\"name\":\"\u0160ypsen\u0173 galerija\"}]},{\"@type\":\"WebSite\",\"@id\":\"https:\/\/www.studiodentis.lt\/#website\",\"url\":\"https:\/\/www.studiodentis.lt\/\",\"name\":\"Estetin\u0117s odontologijos klinika\",\"description\":\"Estetinis plombavimas I Periodontologinis gydymas I Dant\u0173 \u0161akn\u0173 kanal\u0173 gydymas\",\"potentialAction\":[{\"@type\":\"SearchAction\",\"target\":{\"@type\":\"EntryPoint\",\"urlTemplate\":\"https:\/\/www.studiodentis.lt\/?s={search_term_string}\"},\"query-input\":{\"@type\":\"PropertyValueSpecification\",\"valueRequired\":true,\"valueName\":\"search_term_string\"}}],\"inLanguage\":\"en-GB\"}]}<\/script>\n<!-- \/ Yoast SEO plugin. -->","yoast_head_json":{"title":"\u0160ypsen\u0173 galerija - Estetin\u0117s odontologijos klinika","robots":{"index":"index","follow":"follow","max-snippet":"max-snippet:-1","max-image-preview":"max-image-preview:large","max-video-preview":"max-video-preview:-1"},"canonical":"http:\/\/www.studiodentis.lt\/en\/tooth-trauma\/","og_locale":"en_GB","og_type":"article","og_title":"\u0160ypsen\u0173 galerija - Estetin\u0117s odontologijos klinika","og_description":"\u0160ypsen\u0173 galerija Danties trauma, restauracija ant \u0161aknies Prie\u0161 apsilankym\u0105 Po apsilankymo Prie\u0161 apsilankym\u0105 Po apsilankymo Prie\u0161 apsilankym\u0105 Po apsilankymo","og_url":"http:\/\/www.studiodentis.lt\/en\/tooth-trauma\/","og_site_name":"Estetin\u0117s odontologijos klinika","article_modified_time":"2023-03-08T16:14:15+00:00","og_image":[{"url":"https:\/\/www.studiodentis.lt\/wp-content\/uploads\/2023\/01\/1-pries-9.jpg","type":"","width":"","height":""}],"twitter_card":"summary_large_image","twitter_misc":{"Estimated reading time":"2 minutes"},"schema":{"@context":"https:\/\/schema.org","@graph":[{"@type":"WebPage","@id":"https:\/\/www.studiodentis.lt\/danties-trauma\/","url":"https:\/\/www.studiodentis.lt\/danties-trauma\/","name":"\u0160ypsen\u0173 galerija - Estetin\u0117s odontologijos klinika","isPartOf":{"@id":"https:\/\/www.studiodentis.lt\/#website"},"primaryImageOfPage":{"@id":"https:\/\/www.studiodentis.lt\/danties-trauma\/#primaryimage"},"image":{"@id":"https:\/\/www.studiodentis.lt\/danties-trauma\/#primaryimage"},"thumbnailUrl":"https:\/\/www.studiodentis.lt\/wp-content\/uploads\/2023\/01\/1-pries-9.jpg","datePublished":"2023-01-18T19:49:08+00:00","dateModified":"2023-03-08T16:14:15+00:00","breadcrumb":{"@id":"https:\/\/www.studiodentis.lt\/danties-trauma\/#breadcrumb"},"inLanguage":"en-GB","potentialAction":[{"@type":"ReadAction","target":["https:\/\/www.studiodentis.lt\/danties-trauma\/"]}]},{"@type":"ImageObject","inLanguage":"en-GB","@id":"https:\/\/www.studiodentis.lt\/danties-trauma\/#primaryimage","url":"https:\/\/www.studiodentis.lt\/wp-content\/uploads\/2023\/01\/1-pries-9.jpg","contentUrl":"https:\/\/www.studiodentis.lt\/wp-content\/uploads\/2023\/01\/1-pries-9.jpg"},{"@type":"BreadcrumbList","@id":"https:\/\/www.studiodentis.lt\/danties-trauma\/#breadcrumb","itemListElement":[{"@type":"ListItem","position":1,"name":"Home","item":"https:\/\/www.studiodentis.lt\/"},{"@type":"ListItem","position":2,"name":"\u0160ypsen\u0173 galerija"}]},{"@type":"WebSite","@id":"https:\/\/www.studiodentis.lt\/#website","url":"https:\/\/www.studiodentis.lt\/","name":"Estetin\u0117s odontologijos klinika","description":"Estetinis plombavimas I Periodontologinis gydymas I Dant\u0173 \u0161akn\u0173 kanal\u0173 gydymas","potentialAction":[{"@type":"SearchAction","target":{"@type":"EntryPoint","urlTemplate":"https:\/\/www.studiodentis.lt\/?s={search_term_string}"},"query-input":{"@type":"PropertyValueSpecification","valueRequired":true,"valueName":"search_term_string"}}],"inLanguage":"en-GB"}]}},"_links":{"self":[{"href":"http:\/\/www.studiodentis.lt\/en\/wp-json\/wp\/v2\/pages\/11110","targetHints":{"allow":["GET"]}}],"collection":[{"href":"http:\/\/www.studiodentis.lt\/en\/wp-json\/wp\/v2\/pages"}],"about":[{"href":"http:\/\/www.studiodentis.lt\/en\/wp-json\/wp\/v2\/types\/page"}],"author":[{"embeddable":true,"href":"http:\/\/www.studiodentis.lt\/en\/wp-json\/wp\/v2\/users\/1"}],"replies":[{"embeddable":true,"href":"http:\/\/www.studiodentis.lt\/en\/wp-json\/wp\/v2\/comments?post=11110"}],"version-history":[{"count":0,"href":"http:\/\/www.studiodentis.lt\/en\/wp-json\/wp\/v2\/pages\/11110\/revisions"}],"wp:attachment":[{"href":"http:\/\/www.studiodentis.lt\/en\/wp-json\/wp\/v2\/media?parent=11110"}],"curies":[{"name":"wp","href":"https:\/\/api.w.org\/{rel}","templated":true}]}}