{"id":11114,"date":"2023-01-18T19:50:45","date_gmt":"2023-01-18T19:50:45","guid":{"rendered":"https:\/\/www.studiodentis.lt\/?page_id=11114"},"modified":"2023-03-08T16:16:35","modified_gmt":"2023-03-08T16:16:35","slug":"kruminiu-dantu-restauracija","status":"publish","type":"page","link":"http:\/\/www.studiodentis.lt\/en\/kruminiu-dantu-restaurant\/","title":{"rendered":"Smile gallery"},"content":{"rendered":"<div data-elementor-type=\"wp-page\" data-elementor-id=\"11114\" class=\"elementor elementor-11114\">\n\t\t\t\t\t\t<section class=\"elementor-section elementor-top-section elementor-element elementor-element-a64319a qodef-elementor-content-grid elementor-section-full_width elementor-section-stretched elementor-section-height-default elementor-section-height-default\" data-id=\"a64319a\" data-element_type=\"section\" data-settings=\"{&quot;background_background&quot;:&quot;classic&quot;,&quot;stretch_section&quot;:&quot;section-stretched&quot;}\">\n\t\t\t\t\t\t<div class=\"elementor-container elementor-column-gap-default\">\n\t\t\t\t\t<div class=\"elementor-column elementor-col-100 elementor-top-column elementor-element elementor-element-177d6a2\" data-id=\"177d6a2\" data-element_type=\"column\">\n\t\t\t<div class=\"elementor-widget-wrap elementor-element-populated\">\n\t\t\t\t\t\t<div class=\"elementor-element elementor-element-88cd4e7 elementor-widget elementor-widget-allsmiles_core_section_title\" data-id=\"88cd4e7\" data-element_type=\"widget\" data-widget_type=\"allsmiles_core_section_title.default\">\n\t\t\t\t<div class=\"elementor-widget-container\">\n\t\t\t\t\t<div class=\"qodef-shortcode qodef-m  qodef-section-title qodef-alignment--center\">\n\t\t\t<h2 class=\"qodef-m-title\" >\n\t\t\t\t\tSmile gallery \t\t\t<\/h2>\n\t<\/div>\n\t\t\t\t<\/div>\n\t\t\t\t<\/div>\n\t\t\t\t\t<\/div>\n\t\t<\/div>\n\t\t\t\t\t<\/div>\n\t\t<\/section>\n\t\t\t\t<section class=\"elementor-section elementor-top-section elementor-element elementor-element-5e4da72 elementor-section-boxed elementor-section-height-default elementor-section-height-default qodef-elementor-content-no\" data-id=\"5e4da72\" data-element_type=\"section\">\n\t\t\t\t\t\t<div class=\"elementor-container elementor-column-gap-default\">\n\t\t\t\t\t<div class=\"elementor-column elementor-col-100 elementor-top-column elementor-element elementor-element-3e450e5\" data-id=\"3e450e5\" data-element_type=\"column\">\n\t\t\t<div class=\"elementor-widget-wrap elementor-element-populated\">\n\t\t\t\t\t\t<div class=\"elementor-element elementor-element-7101742 elementor-widget elementor-widget-text-editor\" data-id=\"7101742\" data-element_type=\"widget\" data-widget_type=\"text-editor.default\">\n\t\t\t\t<div class=\"elementor-widget-container\">\n\t\t\t\t\t\t\t\t\t<h4 style=\"text-align: center;\">Restoration of molars<\/h4>\t\t\t\t\t\t\t\t<\/div>\n\t\t\t\t<\/div>\n\t\t\t\t\t<\/div>\n\t\t<\/div>\n\t\t\t\t\t<\/div>\n\t\t<\/section>\n\t\t\t\t<section class=\"elementor-section elementor-top-section elementor-element elementor-element-752cdb2 elementor-section-boxed elementor-section-height-default elementor-section-height-default qodef-elementor-content-no\" data-id=\"752cdb2\" data-element_type=\"section\">\n\t\t\t\t\t\t<div class=\"elementor-container elementor-column-gap-default\">\n\t\t\t\t\t<div class=\"elementor-column elementor-col-100 elementor-top-column elementor-element elementor-element-ee63c67\" data-id=\"ee63c67\" data-element_type=\"column\" data-settings=\"{&quot;background_background&quot;:&quot;classic&quot;}\">\n\t\t\t<div class=\"elementor-widget-wrap elementor-element-populated\">\n\t\t\t\t\t\t<section class=\"elementor-section elementor-inner-section elementor-element elementor-element-5f197b8 elementor-section-boxed elementor-section-height-default elementor-section-height-default qodef-elementor-content-no\" data-id=\"5f197b8\" data-element_type=\"section\">\n\t\t\t\t\t\t<div class=\"elementor-container elementor-column-gap-default\">\n\t\t\t\t\t<div class=\"elementor-column elementor-col-33 elementor-inner-column elementor-element elementor-element-f300d88\" data-id=\"f300d88\" data-element_type=\"column\" data-settings=\"{&quot;background_background&quot;:&quot;classic&quot;}\">\n\t\t\t<div class=\"elementor-widget-wrap elementor-element-populated\">\n\t\t\t\t\t\t<div class=\"elementor-element elementor-element-7d3537a elementor-widget elementor-widget-text-editor\" data-id=\"7d3537a\" data-element_type=\"widget\" data-widget_type=\"text-editor.default\">\n\t\t\t\t<div class=\"elementor-widget-container\">\n\t\t\t\t\t\t\t\t\t<p><span style=\"white-space: pre-wrap;\">Before the visit<\/span><\/p>\t\t\t\t\t\t\t\t<\/div>\n\t\t\t\t<\/div>\n\t\t\t\t<div class=\"elementor-element elementor-element-2289b95 elementor-widget elementor-widget-image\" data-id=\"2289b95\" data-element_type=\"widget\" data-widget_type=\"image.default\">\n\t\t\t\t<div class=\"elementor-widget-container\">\n\t\t\t\t\t\t\t\t\t\t\t\t\t\t\t<img decoding=\"async\" width=\"150\" height=\"83\" data-src=\"https:\/\/www.studiodentis.lt\/wp-content\/uploads\/2023\/02\/kruminiai-pries-pakeitimas.jpeg\" class=\"attachment-full size-full wp-image-13680 lazyload\" alt=\"\" data-srcset=\"https:\/\/www.studiodentis.lt\/wp-content\/uploads\/2023\/02\/kruminiai-pries-pakeitimas.jpeg 150w, https:\/\/www.studiodentis.lt\/wp-content\/uploads\/2023\/02\/kruminiai-pries-pakeitimas-18x10.jpeg 18w\" data-sizes=\"(max-width: 150px) 100vw, 150px\" src=\"data:image\/svg+xml;base64,PHN2ZyB3aWR0aD0iMSIgaGVpZ2h0PSIxIiB4bWxucz0iaHR0cDovL3d3dy53My5vcmcvMjAwMC9zdmciPjwvc3ZnPg==\" style=\"--smush-placeholder-width: 150px; --smush-placeholder-aspect-ratio: 150\/83;\" \/>\t\t\t\t\t\t\t\t\t\t\t\t\t\t\t<\/div>\n\t\t\t\t<\/div>\n\t\t\t\t<div class=\"elementor-element elementor-element-14928e9 elementor-widget elementor-widget-text-editor\" data-id=\"14928e9\" data-element_type=\"widget\" data-widget_type=\"text-editor.default\">\n\t\t\t\t<div class=\"elementor-widget-container\">\n\t\t\t\t\t\t\t\t\t<p><span style=\"white-space: pre-wrap;\">After the visit<\/span><\/p>\t\t\t\t\t\t\t\t<\/div>\n\t\t\t\t<\/div>\n\t\t\t\t<div class=\"elementor-element elementor-element-2e83f23 elementor-widget elementor-widget-image\" data-id=\"2e83f23\" data-element_type=\"widget\" data-widget_type=\"image.default\">\n\t\t\t\t<div class=\"elementor-widget-container\">\n\t\t\t\t\t\t\t\t\t\t\t\t\t\t\t<img decoding=\"async\" width=\"150\" height=\"87\" data-src=\"https:\/\/www.studiodentis.lt\/wp-content\/uploads\/2023\/02\/kruminiai-po-pakeitimas.jpeg\" class=\"attachment-full size-full wp-image-13681 lazyload\" alt=\"\" data-srcset=\"https:\/\/www.studiodentis.lt\/wp-content\/uploads\/2023\/02\/kruminiai-po-pakeitimas.jpeg 150w, https:\/\/www.studiodentis.lt\/wp-content\/uploads\/2023\/02\/kruminiai-po-pakeitimas-18x10.jpeg 18w\" data-sizes=\"(max-width: 150px) 100vw, 150px\" src=\"data:image\/svg+xml;base64,PHN2ZyB3aWR0aD0iMSIgaGVpZ2h0PSIxIiB4bWxucz0iaHR0cDovL3d3dy53My5vcmcvMjAwMC9zdmciPjwvc3ZnPg==\" style=\"--smush-placeholder-width: 150px; --smush-placeholder-aspect-ratio: 150\/87;\" \/>\t\t\t\t\t\t\t\t\t\t\t\t\t\t\t<\/div>\n\t\t\t\t<\/div>\n\t\t\t\t\t<\/div>\n\t\t<\/div>\n\t\t\t\t<div class=\"elementor-column elementor-col-33 elementor-inner-column elementor-element elementor-element-e21107b\" data-id=\"e21107b\" data-element_type=\"column\" data-settings=\"{&quot;background_background&quot;:&quot;classic&quot;}\">\n\t\t\t<div class=\"elementor-widget-wrap elementor-element-populated\">\n\t\t\t\t\t\t<div class=\"elementor-element elementor-element-2118f7d elementor-widget elementor-widget-text-editor\" data-id=\"2118f7d\" data-element_type=\"widget\" data-widget_type=\"text-editor.default\">\n\t\t\t\t<div class=\"elementor-widget-container\">\n\t\t\t\t\t\t\t\t\t<p><span style=\"white-space: pre-wrap;\">Before the visit<\/span><\/p>\t\t\t\t\t\t\t\t<\/div>\n\t\t\t\t<\/div>\n\t\t\t\t<div class=\"elementor-element elementor-element-a1e674c elementor-widget elementor-widget-image\" data-id=\"a1e674c\" data-element_type=\"widget\" data-widget_type=\"image.default\">\n\t\t\t\t<div class=\"elementor-widget-container\">\n\t\t\t\t\t\t\t\t\t\t\t\t\t\t\t<img fetchpriority=\"high\" decoding=\"async\" width=\"404\" height=\"219\" src=\"https:\/\/www.studiodentis.lt\/wp-content\/uploads\/2023\/03\/6_2_Pries.png\" class=\"attachment-full size-full wp-image-13855\" alt=\"\" srcset=\"https:\/\/www.studiodentis.lt\/wp-content\/uploads\/2023\/03\/6_2_Pries.png 404w, https:\/\/www.studiodentis.lt\/wp-content\/uploads\/2023\/03\/6_2_Pries-300x163.png 300w, https:\/\/www.studiodentis.lt\/wp-content\/uploads\/2023\/03\/6_2_Pries-18x10.png 18w\" sizes=\"(max-width: 404px) 100vw, 404px\" \/>\t\t\t\t\t\t\t\t\t\t\t\t\t\t\t<\/div>\n\t\t\t\t<\/div>\n\t\t\t\t<div class=\"elementor-element elementor-element-d6fb5ea elementor-widget elementor-widget-text-editor\" data-id=\"d6fb5ea\" data-element_type=\"widget\" data-widget_type=\"text-editor.default\">\n\t\t\t\t<div class=\"elementor-widget-container\">\n\t\t\t\t\t\t\t\t\t<p><span style=\"white-space: pre-wrap;\">After the visit<\/span><\/p>\t\t\t\t\t\t\t\t<\/div>\n\t\t\t\t<\/div>\n\t\t\t\t<div class=\"elementor-element elementor-element-4b3bb67 elementor-widget elementor-widget-image\" data-id=\"4b3bb67\" data-element_type=\"widget\" data-widget_type=\"image.default\">\n\t\t\t\t<div class=\"elementor-widget-container\">\n\t\t\t\t\t\t\t\t\t\t\t\t\t\t\t<img decoding=\"async\" width=\"404\" height=\"207\" data-src=\"https:\/\/www.studiodentis.lt\/wp-content\/uploads\/2023\/03\/6_2_Po.png\" class=\"attachment-full size-full wp-image-13856 lazyload\" alt=\"\" data-srcset=\"https:\/\/www.studiodentis.lt\/wp-content\/uploads\/2023\/03\/6_2_Po.png 404w, https:\/\/www.studiodentis.lt\/wp-content\/uploads\/2023\/03\/6_2_Po-300x154.png 300w, https:\/\/www.studiodentis.lt\/wp-content\/uploads\/2023\/03\/6_2_Po-18x9.png 18w\" data-sizes=\"(max-width: 404px) 100vw, 404px\" src=\"data:image\/svg+xml;base64,PHN2ZyB3aWR0aD0iMSIgaGVpZ2h0PSIxIiB4bWxucz0iaHR0cDovL3d3dy53My5vcmcvMjAwMC9zdmciPjwvc3ZnPg==\" style=\"--smush-placeholder-width: 404px; --smush-placeholder-aspect-ratio: 404\/207;\" \/>\t\t\t\t\t\t\t\t\t\t\t\t\t\t\t<\/div>\n\t\t\t\t<\/div>\n\t\t\t\t\t<\/div>\n\t\t<\/div>\n\t\t\t\t<div class=\"elementor-column elementor-col-33 elementor-inner-column elementor-element elementor-element-15e3231\" data-id=\"15e3231\" data-element_type=\"column\" data-settings=\"{&quot;background_background&quot;:&quot;classic&quot;}\">\n\t\t\t<div class=\"elementor-widget-wrap elementor-element-populated\">\n\t\t\t\t\t\t<div class=\"elementor-element elementor-element-04a33cb elementor-widget elementor-widget-text-editor\" data-id=\"04a33cb\" data-element_type=\"widget\" data-widget_type=\"text-editor.default\">\n\t\t\t\t<div class=\"elementor-widget-container\">\n\t\t\t\t\t\t\t\t\t<p><span style=\"white-space: pre-wrap;\">Before the visit<\/span><\/p>\t\t\t\t\t\t\t\t<\/div>\n\t\t\t\t<\/div>\n\t\t\t\t<div class=\"elementor-element elementor-element-2b0db27 elementor-widget elementor-widget-image\" data-id=\"2b0db27\" data-element_type=\"widget\" data-widget_type=\"image.default\">\n\t\t\t\t<div class=\"elementor-widget-container\">\n\t\t\t\t\t\t\t\t\t\t\t\t\t\t\t<img decoding=\"async\" width=\"404\" height=\"216\" data-src=\"https:\/\/www.studiodentis.lt\/wp-content\/uploads\/2023\/03\/6_3_Pries.png\" class=\"attachment-full size-full wp-image-13854 lazyload\" alt=\"\" data-srcset=\"https:\/\/www.studiodentis.lt\/wp-content\/uploads\/2023\/03\/6_3_Pries.png 404w, https:\/\/www.studiodentis.lt\/wp-content\/uploads\/2023\/03\/6_3_Pries-300x160.png 300w, https:\/\/www.studiodentis.lt\/wp-content\/uploads\/2023\/03\/6_3_Pries-18x10.png 18w\" data-sizes=\"(max-width: 404px) 100vw, 404px\" src=\"data:image\/svg+xml;base64,PHN2ZyB3aWR0aD0iMSIgaGVpZ2h0PSIxIiB4bWxucz0iaHR0cDovL3d3dy53My5vcmcvMjAwMC9zdmciPjwvc3ZnPg==\" style=\"--smush-placeholder-width: 404px; --smush-placeholder-aspect-ratio: 404\/216;\" \/>\t\t\t\t\t\t\t\t\t\t\t\t\t\t\t<\/div>\n\t\t\t\t<\/div>\n\t\t\t\t<div class=\"elementor-element elementor-element-d80a0be elementor-widget elementor-widget-text-editor\" data-id=\"d80a0be\" data-element_type=\"widget\" data-widget_type=\"text-editor.default\">\n\t\t\t\t<div class=\"elementor-widget-container\">\n\t\t\t\t\t\t\t\t\t<p><span style=\"white-space: pre-wrap;\">After the visit<\/span><\/p>\t\t\t\t\t\t\t\t<\/div>\n\t\t\t\t<\/div>\n\t\t\t\t<div class=\"elementor-element elementor-element-5d253d5 elementor-widget elementor-widget-image\" data-id=\"5d253d5\" data-element_type=\"widget\" data-widget_type=\"image.default\">\n\t\t\t\t<div class=\"elementor-widget-container\">\n\t\t\t\t\t\t\t\t\t\t\t\t\t\t\t<img decoding=\"async\" width=\"402\" height=\"211\" data-src=\"https:\/\/www.studiodentis.lt\/wp-content\/uploads\/2023\/03\/6_3_Po.png\" class=\"attachment-full size-full wp-image-13853 lazyload\" alt=\"\" data-srcset=\"https:\/\/www.studiodentis.lt\/wp-content\/uploads\/2023\/03\/6_3_Po.png 402w, https:\/\/www.studiodentis.lt\/wp-content\/uploads\/2023\/03\/6_3_Po-300x157.png 300w, https:\/\/www.studiodentis.lt\/wp-content\/uploads\/2023\/03\/6_3_Po-18x9.png 18w\" data-sizes=\"(max-width: 402px) 100vw, 402px\" src=\"data:image\/svg+xml;base64,PHN2ZyB3aWR0aD0iMSIgaGVpZ2h0PSIxIiB4bWxucz0iaHR0cDovL3d3dy53My5vcmcvMjAwMC9zdmciPjwvc3ZnPg==\" style=\"--smush-placeholder-width: 402px; --smush-placeholder-aspect-ratio: 402\/211;\" \/>\t\t\t\t\t\t\t\t\t\t\t\t\t\t\t<\/div>\n\t\t\t\t<\/div>\n\t\t\t\t\t<\/div>\n\t\t<\/div>\n\t\t\t\t\t<\/div>\n\t\t<\/section>\n\t\t\t\t\t<\/div>\n\t\t<\/div>\n\t\t\t\t\t<\/div>\n\t\t<\/section>\n\t\t\t\t<section class=\"elementor-section elementor-top-section elementor-element elementor-element-64e593d elementor-section-boxed elementor-section-height-default elementor-section-height-default qodef-elementor-content-no\" data-id=\"64e593d\" data-element_type=\"section\">\n\t\t\t\t\t\t<div class=\"elementor-container elementor-column-gap-default\">\n\t\t\t\t\t<div class=\"elementor-column elementor-col-100 elementor-top-column elementor-element elementor-element-2096667\" data-id=\"2096667\" data-element_type=\"column\">\n\t\t\t<div class=\"elementor-widget-wrap elementor-element-populated\">\n\t\t\t\t\t\t<div class=\"elementor-element elementor-element-b3b9dc2 elementor-widget-divider--view-line elementor-widget elementor-widget-divider\" data-id=\"b3b9dc2\" data-element_type=\"widget\" data-widget_type=\"divider.default\">\n\t\t\t\t<div class=\"elementor-widget-container\">\n\t\t\t\t\t\t\t<div class=\"elementor-divider\">\n\t\t\t<span class=\"elementor-divider-separator\">\n\t\t\t\t\t\t<\/span>\n\t\t<\/div>\n\t\t\t\t\t\t<\/div>\n\t\t\t\t<\/div>\n\t\t\t\t\t<\/div>\n\t\t<\/div>\n\t\t\t\t\t<\/div>\n\t\t<\/section>\n\t\t\t\t<\/div>","protected":false},"excerpt":{"rendered":"<p>Smile Gallery Bushy teeth restoration Before visit After visit Before visit After visit After visit Before visit After visit<\/p>","protected":false},"author":1,"featured_media":0,"parent":0,"menu_order":0,"comment_status":"closed","ping_status":"closed","template":"page-full-width.php","meta":{"inline_featured_image":false,"footnotes":""},"class_list":["post-11114","page","type-page","status-publish","hentry"],"yoast_head":"<!-- This site is optimized with the Yoast SEO plugin v26.7 - https:\/\/yoast.com\/wordpress\/plugins\/seo\/ -->\n<title>\u0160ypsen\u0173 galerija - Estetin\u0117s odontologijos klinika<\/title>\n<meta name=\"robots\" content=\"index, follow, max-snippet:-1, max-image-preview:large, max-video-preview:-1\" \/>\n<link rel=\"canonical\" href=\"http:\/\/www.studiodentis.lt\/en\/kruminiu-dantu-restaurant\/\" \/>\n<meta property=\"og:locale\" content=\"en_GB\" \/>\n<meta property=\"og:type\" content=\"article\" \/>\n<meta property=\"og:title\" content=\"\u0160ypsen\u0173 galerija - Estetin\u0117s odontologijos klinika\" \/>\n<meta property=\"og:description\" content=\"\u0160ypsen\u0173 galerija Kr\u016bmini\u0173 dant\u0173 restauracija Prie\u0161 apsilankym\u0105 Po apsilankymo Prie\u0161 apsilankym\u0105 Po apsilankymo Prie\u0161 apsilankym\u0105 Po apsilankymo\" \/>\n<meta property=\"og:url\" content=\"http:\/\/www.studiodentis.lt\/en\/kruminiu-dantu-restaurant\/\" \/>\n<meta property=\"og:site_name\" content=\"Estetin\u0117s odontologijos klinika\" \/>\n<meta property=\"article:modified_time\" content=\"2023-03-08T16:16:35+00:00\" \/>\n<meta property=\"og:image\" content=\"https:\/\/www.studiodentis.lt\/wp-content\/uploads\/2023\/02\/kruminiai-pries-pakeitimas.jpeg\" \/>\n<meta name=\"twitter:card\" content=\"summary_large_image\" \/>\n<meta name=\"twitter:label1\" content=\"Estimated reading time\" \/>\n\t<meta name=\"twitter:data1\" content=\"2 minutes\" \/>\n<script type=\"application\/ld+json\" class=\"yoast-schema-graph\">{\"@context\":\"https:\/\/schema.org\",\"@graph\":[{\"@type\":\"WebPage\",\"@id\":\"https:\/\/www.studiodentis.lt\/kruminiu-dantu-restauracija\/\",\"url\":\"https:\/\/www.studiodentis.lt\/kruminiu-dantu-restauracija\/\",\"name\":\"\u0160ypsen\u0173 galerija - Estetin\u0117s odontologijos klinika\",\"isPartOf\":{\"@id\":\"https:\/\/www.studiodentis.lt\/#website\"},\"primaryImageOfPage\":{\"@id\":\"https:\/\/www.studiodentis.lt\/kruminiu-dantu-restauracija\/#primaryimage\"},\"image\":{\"@id\":\"https:\/\/www.studiodentis.lt\/kruminiu-dantu-restauracija\/#primaryimage\"},\"thumbnailUrl\":\"https:\/\/www.studiodentis.lt\/wp-content\/uploads\/2023\/02\/kruminiai-pries-pakeitimas.jpeg\",\"datePublished\":\"2023-01-18T19:50:45+00:00\",\"dateModified\":\"2023-03-08T16:16:35+00:00\",\"breadcrumb\":{\"@id\":\"https:\/\/www.studiodentis.lt\/kruminiu-dantu-restauracija\/#breadcrumb\"},\"inLanguage\":\"en-GB\",\"potentialAction\":[{\"@type\":\"ReadAction\",\"target\":[\"https:\/\/www.studiodentis.lt\/kruminiu-dantu-restauracija\/\"]}]},{\"@type\":\"ImageObject\",\"inLanguage\":\"en-GB\",\"@id\":\"https:\/\/www.studiodentis.lt\/kruminiu-dantu-restauracija\/#primaryimage\",\"url\":\"https:\/\/www.studiodentis.lt\/wp-content\/uploads\/2023\/02\/kruminiai-pries-pakeitimas.jpeg\",\"contentUrl\":\"https:\/\/www.studiodentis.lt\/wp-content\/uploads\/2023\/02\/kruminiai-pries-pakeitimas.jpeg\"},{\"@type\":\"BreadcrumbList\",\"@id\":\"https:\/\/www.studiodentis.lt\/kruminiu-dantu-restauracija\/#breadcrumb\",\"itemListElement\":[{\"@type\":\"ListItem\",\"position\":1,\"name\":\"Home\",\"item\":\"https:\/\/www.studiodentis.lt\/\"},{\"@type\":\"ListItem\",\"position\":2,\"name\":\"\u0160ypsen\u0173 galerija\"}]},{\"@type\":\"WebSite\",\"@id\":\"https:\/\/www.studiodentis.lt\/#website\",\"url\":\"https:\/\/www.studiodentis.lt\/\",\"name\":\"Estetin\u0117s odontologijos klinika\",\"description\":\"Estetinis plombavimas I Periodontologinis gydymas I Dant\u0173 \u0161akn\u0173 kanal\u0173 gydymas\",\"potentialAction\":[{\"@type\":\"SearchAction\",\"target\":{\"@type\":\"EntryPoint\",\"urlTemplate\":\"https:\/\/www.studiodentis.lt\/?s={search_term_string}\"},\"query-input\":{\"@type\":\"PropertyValueSpecification\",\"valueRequired\":true,\"valueName\":\"search_term_string\"}}],\"inLanguage\":\"en-GB\"}]}<\/script>\n<!-- \/ Yoast SEO plugin. -->","yoast_head_json":{"title":"\u0160ypsen\u0173 galerija - Estetin\u0117s odontologijos klinika","robots":{"index":"index","follow":"follow","max-snippet":"max-snippet:-1","max-image-preview":"max-image-preview:large","max-video-preview":"max-video-preview:-1"},"canonical":"http:\/\/www.studiodentis.lt\/en\/kruminiu-dantu-restaurant\/","og_locale":"en_GB","og_type":"article","og_title":"\u0160ypsen\u0173 galerija - Estetin\u0117s odontologijos klinika","og_description":"\u0160ypsen\u0173 galerija Kr\u016bmini\u0173 dant\u0173 restauracija Prie\u0161 apsilankym\u0105 Po apsilankymo Prie\u0161 apsilankym\u0105 Po apsilankymo Prie\u0161 apsilankym\u0105 Po apsilankymo","og_url":"http:\/\/www.studiodentis.lt\/en\/kruminiu-dantu-restaurant\/","og_site_name":"Estetin\u0117s odontologijos klinika","article_modified_time":"2023-03-08T16:16:35+00:00","og_image":[{"url":"https:\/\/www.studiodentis.lt\/wp-content\/uploads\/2023\/02\/kruminiai-pries-pakeitimas.jpeg","type":"","width":"","height":""}],"twitter_card":"summary_large_image","twitter_misc":{"Estimated reading time":"2 minutes"},"schema":{"@context":"https:\/\/schema.org","@graph":[{"@type":"WebPage","@id":"https:\/\/www.studiodentis.lt\/kruminiu-dantu-restauracija\/","url":"https:\/\/www.studiodentis.lt\/kruminiu-dantu-restauracija\/","name":"\u0160ypsen\u0173 galerija - Estetin\u0117s odontologijos klinika","isPartOf":{"@id":"https:\/\/www.studiodentis.lt\/#website"},"primaryImageOfPage":{"@id":"https:\/\/www.studiodentis.lt\/kruminiu-dantu-restauracija\/#primaryimage"},"image":{"@id":"https:\/\/www.studiodentis.lt\/kruminiu-dantu-restauracija\/#primaryimage"},"thumbnailUrl":"https:\/\/www.studiodentis.lt\/wp-content\/uploads\/2023\/02\/kruminiai-pries-pakeitimas.jpeg","datePublished":"2023-01-18T19:50:45+00:00","dateModified":"2023-03-08T16:16:35+00:00","breadcrumb":{"@id":"https:\/\/www.studiodentis.lt\/kruminiu-dantu-restauracija\/#breadcrumb"},"inLanguage":"en-GB","potentialAction":[{"@type":"ReadAction","target":["https:\/\/www.studiodentis.lt\/kruminiu-dantu-restauracija\/"]}]},{"@type":"ImageObject","inLanguage":"en-GB","@id":"https:\/\/www.studiodentis.lt\/kruminiu-dantu-restauracija\/#primaryimage","url":"https:\/\/www.studiodentis.lt\/wp-content\/uploads\/2023\/02\/kruminiai-pries-pakeitimas.jpeg","contentUrl":"https:\/\/www.studiodentis.lt\/wp-content\/uploads\/2023\/02\/kruminiai-pries-pakeitimas.jpeg"},{"@type":"BreadcrumbList","@id":"https:\/\/www.studiodentis.lt\/kruminiu-dantu-restauracija\/#breadcrumb","itemListElement":[{"@type":"ListItem","position":1,"name":"Home","item":"https:\/\/www.studiodentis.lt\/"},{"@type":"ListItem","position":2,"name":"\u0160ypsen\u0173 galerija"}]},{"@type":"WebSite","@id":"https:\/\/www.studiodentis.lt\/#website","url":"https:\/\/www.studiodentis.lt\/","name":"Estetin\u0117s odontologijos klinika","description":"Estetinis plombavimas I Periodontologinis gydymas I Dant\u0173 \u0161akn\u0173 kanal\u0173 gydymas","potentialAction":[{"@type":"SearchAction","target":{"@type":"EntryPoint","urlTemplate":"https:\/\/www.studiodentis.lt\/?s={search_term_string}"},"query-input":{"@type":"PropertyValueSpecification","valueRequired":true,"valueName":"search_term_string"}}],"inLanguage":"en-GB"}]}},"_links":{"self":[{"href":"http:\/\/www.studiodentis.lt\/en\/wp-json\/wp\/v2\/pages\/11114","targetHints":{"allow":["GET"]}}],"collection":[{"href":"http:\/\/www.studiodentis.lt\/en\/wp-json\/wp\/v2\/pages"}],"about":[{"href":"http:\/\/www.studiodentis.lt\/en\/wp-json\/wp\/v2\/types\/page"}],"author":[{"embeddable":true,"href":"http:\/\/www.studiodentis.lt\/en\/wp-json\/wp\/v2\/users\/1"}],"replies":[{"embeddable":true,"href":"http:\/\/www.studiodentis.lt\/en\/wp-json\/wp\/v2\/comments?post=11114"}],"version-history":[{"count":0,"href":"http:\/\/www.studiodentis.lt\/en\/wp-json\/wp\/v2\/pages\/11114\/revisions"}],"wp:attachment":[{"href":"http:\/\/www.studiodentis.lt\/en\/wp-json\/wp\/v2\/media?parent=11114"}],"curies":[{"name":"wp","href":"https:\/\/api.w.org\/{rel}","templated":true}]}}