{"id":12,"date":"2022-06-17T06:44:53","date_gmt":"2022-06-17T06:44:53","guid":{"rendered":"https:\/\/www.studiodentis.lt\/cart\/"},"modified":"2023-01-09T12:20:55","modified_gmt":"2023-01-09T12:20:55","slug":"cart","status":"publish","type":"page","link":"http:\/\/www.studiodentis.lt\/en\/cart\/","title":{"rendered":"Cart"},"content":{"rendered":"","protected":false},"excerpt":{"rendered":"","protected":false},"author":1,"featured_media":0,"parent":0,"menu_order":0,"comment_status":"closed","ping_status":"closed","template":"","meta":{"inline_featured_image":false,"footnotes":""},"class_list":["post-12","page","type-page","status-publish","hentry"],"yoast_head":"<!-- This site is optimized with the Yoast SEO plugin v26.7 - https:\/\/yoast.com\/wordpress\/plugins\/seo\/ -->\n<title>Cart - Estetin\u0117s odontologijos klinika<\/title>\n<meta name=\"robots\" content=\"index, follow, max-snippet:-1, max-image-preview:large, max-video-preview:-1\" \/>\n<link rel=\"canonical\" href=\"http:\/\/www.studiodentis.lt\/en\/cart\/\" \/>\n<meta property=\"og:locale\" content=\"en_GB\" \/>\n<meta property=\"og:type\" content=\"article\" \/>\n<meta property=\"og:title\" content=\"Cart - Estetin\u0117s odontologijos klinika\" \/>\n<meta property=\"og:url\" content=\"http:\/\/www.studiodentis.lt\/en\/cart\/\" \/>\n<meta property=\"og:site_name\" content=\"Estetin\u0117s odontologijos klinika\" \/>\n<meta property=\"article:modified_time\" content=\"2023-01-09T12:20:55+00:00\" \/>\n<meta name=\"twitter:card\" content=\"summary_large_image\" \/>\n<script type=\"application\/ld+json\" class=\"yoast-schema-graph\">{\"@context\":\"https:\/\/schema.org\",\"@graph\":[{\"@type\":\"WebPage\",\"@id\":\"https:\/\/www.studiodentis.lt\/cart\/\",\"url\":\"https:\/\/www.studiodentis.lt\/cart\/\",\"name\":\"Cart - Estetin\u0117s odontologijos klinika\",\"isPartOf\":{\"@id\":\"https:\/\/www.studiodentis.lt\/#website\"},\"datePublished\":\"2022-06-17T06:44:53+00:00\",\"dateModified\":\"2023-01-09T12:20:55+00:00\",\"breadcrumb\":{\"@id\":\"https:\/\/www.studiodentis.lt\/cart\/#breadcrumb\"},\"inLanguage\":\"en-GB\",\"potentialAction\":[{\"@type\":\"ReadAction\",\"target\":[\"https:\/\/www.studiodentis.lt\/cart\/\"]}]},{\"@type\":\"BreadcrumbList\",\"@id\":\"https:\/\/www.studiodentis.lt\/cart\/#breadcrumb\",\"itemListElement\":[{\"@type\":\"ListItem\",\"position\":1,\"name\":\"Home\",\"item\":\"https:\/\/www.studiodentis.lt\/\"},{\"@type\":\"ListItem\",\"position\":2,\"name\":\"Cart\"}]},{\"@type\":\"WebSite\",\"@id\":\"https:\/\/www.studiodentis.lt\/#website\",\"url\":\"https:\/\/www.studiodentis.lt\/\",\"name\":\"Estetin\u0117s odontologijos klinika\",\"description\":\"Estetinis plombavimas I Periodontologinis gydymas I Dant\u0173 \u0161akn\u0173 kanal\u0173 gydymas\",\"potentialAction\":[{\"@type\":\"SearchAction\",\"target\":{\"@type\":\"EntryPoint\",\"urlTemplate\":\"https:\/\/www.studiodentis.lt\/?s={search_term_string}\"},\"query-input\":{\"@type\":\"PropertyValueSpecification\",\"valueRequired\":true,\"valueName\":\"search_term_string\"}}],\"inLanguage\":\"en-GB\"}]}<\/script>\n<!-- \/ Yoast SEO plugin. -->","yoast_head_json":{"title":"Cart - Estetin\u0117s odontologijos klinika","robots":{"index":"index","follow":"follow","max-snippet":"max-snippet:-1","max-image-preview":"max-image-preview:large","max-video-preview":"max-video-preview:-1"},"canonical":"http:\/\/www.studiodentis.lt\/en\/cart\/","og_locale":"en_GB","og_type":"article","og_title":"Cart - Estetin\u0117s odontologijos klinika","og_url":"http:\/\/www.studiodentis.lt\/en\/cart\/","og_site_name":"Estetin\u0117s odontologijos klinika","article_modified_time":"2023-01-09T12:20:55+00:00","twitter_card":"summary_large_image","schema":{"@context":"https:\/\/schema.org","@graph":[{"@type":"WebPage","@id":"https:\/\/www.studiodentis.lt\/cart\/","url":"https:\/\/www.studiodentis.lt\/cart\/","name":"Cart - Estetin\u0117s odontologijos klinika","isPartOf":{"@id":"https:\/\/www.studiodentis.lt\/#website"},"datePublished":"2022-06-17T06:44:53+00:00","dateModified":"2023-01-09T12:20:55+00:00","breadcrumb":{"@id":"https:\/\/www.studiodentis.lt\/cart\/#breadcrumb"},"inLanguage":"en-GB","potentialAction":[{"@type":"ReadAction","target":["https:\/\/www.studiodentis.lt\/cart\/"]}]},{"@type":"BreadcrumbList","@id":"https:\/\/www.studiodentis.lt\/cart\/#breadcrumb","itemListElement":[{"@type":"ListItem","position":1,"name":"Home","item":"https:\/\/www.studiodentis.lt\/"},{"@type":"ListItem","position":2,"name":"Cart"}]},{"@type":"WebSite","@id":"https:\/\/www.studiodentis.lt\/#website","url":"https:\/\/www.studiodentis.lt\/","name":"Estetin\u0117s odontologijos klinika","description":"Estetinis plombavimas I Periodontologinis gydymas I Dant\u0173 \u0161akn\u0173 kanal\u0173 gydymas","potentialAction":[{"@type":"SearchAction","target":{"@type":"EntryPoint","urlTemplate":"https:\/\/www.studiodentis.lt\/?s={search_term_string}"},"query-input":{"@type":"PropertyValueSpecification","valueRequired":true,"valueName":"search_term_string"}}],"inLanguage":"en-GB"}]}},"_links":{"self":[{"href":"http:\/\/www.studiodentis.lt\/en\/wp-json\/wp\/v2\/pages\/12","targetHints":{"allow":["GET"]}}],"collection":[{"href":"http:\/\/www.studiodentis.lt\/en\/wp-json\/wp\/v2\/pages"}],"about":[{"href":"http:\/\/www.studiodentis.lt\/en\/wp-json\/wp\/v2\/types\/page"}],"author":[{"embeddable":true,"href":"http:\/\/www.studiodentis.lt\/en\/wp-json\/wp\/v2\/users\/1"}],"replies":[{"embeddable":true,"href":"http:\/\/www.studiodentis.lt\/en\/wp-json\/wp\/v2\/comments?post=12"}],"version-history":[{"count":0,"href":"http:\/\/www.studiodentis.lt\/en\/wp-json\/wp\/v2\/pages\/12\/revisions"}],"wp:attachment":[{"href":"http:\/\/www.studiodentis.lt\/en\/wp-json\/wp\/v2\/media?parent=12"}],"curies":[{"name":"wp","href":"https:\/\/api.w.org\/{rel}","templated":true}]}}