{"id":11716,"date":"2023-01-21T09:43:36","date_gmt":"2023-01-21T09:43:36","guid":{"rendered":"https:\/\/www.studiodentis.lt\/?page_id=11716"},"modified":"2024-10-16T14:37:58","modified_gmt":"2024-10-16T14:37:58","slug":"vaiku-dantu-gydymas","status":"publish","type":"page","link":"https:\/\/www.studiodentis.lt\/en\/child-dental-treatment\/","title":{"rendered":"Children's dental treatment"},"content":{"rendered":"<div data-elementor-type=\"wp-page\" data-elementor-id=\"11716\" class=\"elementor elementor-11716\">\n\t\t\t\t\t\t<section class=\"elementor-section elementor-top-section elementor-element elementor-element-94cdc57 qodef-elementor-content-grid elementor-section-full_width elementor-section-stretched elementor-section-height-default elementor-section-height-default\" data-id=\"94cdc57\" data-element_type=\"section\" data-settings=\"{&quot;background_background&quot;:&quot;classic&quot;,&quot;stretch_section&quot;:&quot;section-stretched&quot;}\">\n\t\t\t\t\t\t<div class=\"elementor-container elementor-column-gap-default\">\n\t\t\t\t\t<div class=\"elementor-column elementor-col-100 elementor-top-column elementor-element elementor-element-fb111b6\" data-id=\"fb111b6\" data-element_type=\"column\">\n\t\t\t<div class=\"elementor-widget-wrap elementor-element-populated\">\n\t\t\t\t\t\t<div class=\"elementor-element elementor-element-5bbd446 elementor-widget elementor-widget-allsmiles_core_section_title\" data-id=\"5bbd446\" data-element_type=\"widget\" data-widget_type=\"allsmiles_core_section_title.default\">\n\t\t\t\t<div class=\"elementor-widget-container\">\n\t\t\t\t\t<div class=\"qodef-shortcode qodef-m  qodef-section-title qodef-alignment--center\">\n\t\t\t<h2 class=\"qodef-m-title\" >\n\t\t\t\t\tChildren's dental treatment\t\t\t<\/h2>\n\t<\/div>\n\t\t\t\t<\/div>\n\t\t\t\t<\/div>\n\t\t\t\t\t<\/div>\n\t\t<\/div>\n\t\t\t\t\t<\/div>\n\t\t<\/section>\n\t\t\t\t<section class=\"elementor-section elementor-top-section elementor-element elementor-element-e8f9126 elementor-section-boxed elementor-section-height-default elementor-section-height-default qodef-elementor-content-no\" data-id=\"e8f9126\" data-element_type=\"section\">\n\t\t\t\t\t\t<div class=\"elementor-container elementor-column-gap-default\">\n\t\t\t\t\t<div class=\"elementor-column elementor-col-100 elementor-top-column elementor-element elementor-element-c581f2c\" data-id=\"c581f2c\" data-element_type=\"column\">\n\t\t\t<div class=\"elementor-widget-wrap elementor-element-populated\">\n\t\t\t\t\t\t<div class=\"elementor-element elementor-element-b15be7e elementor-skin-carousel elementor-arrows-yes elementor-pagination-type-bullets elementor-pagination-position-outside elementor-widget elementor-widget-media-carousel\" data-id=\"b15be7e\" data-element_type=\"widget\" data-settings=\"{&quot;skin&quot;:&quot;carousel&quot;,&quot;effect&quot;:&quot;slide&quot;,&quot;show_arrows&quot;:&quot;yes&quot;,&quot;pagination&quot;:&quot;bullets&quot;,&quot;speed&quot;:500,&quot;autoplay&quot;:&quot;yes&quot;,&quot;autoplay_speed&quot;:5000,&quot;loop&quot;:&quot;yes&quot;,&quot;pause_on_hover&quot;:&quot;yes&quot;,&quot;pause_on_interaction&quot;:&quot;yes&quot;,&quot;space_between&quot;:{&quot;unit&quot;:&quot;px&quot;,&quot;size&quot;:10,&quot;sizes&quot;:[]},&quot;space_between_tablet&quot;:{&quot;unit&quot;:&quot;px&quot;,&quot;size&quot;:10,&quot;sizes&quot;:[]},&quot;space_between_mobile&quot;:{&quot;unit&quot;:&quot;px&quot;,&quot;size&quot;:10,&quot;sizes&quot;:[]}}\" data-widget_type=\"media-carousel.default\">\n\t\t\t\t<div class=\"elementor-widget-container\">\n\t\t\t\t\t\t\t<div class=\"elementor-swiper\">\n\t\t\t<div class=\"elementor-main-swiper swiper-container\">\n\t\t\t\t<div class=\"swiper-wrapper\">\n\t\t\t\t\t\t\t\t\t\t\t<div class=\"swiper-slide\">\n\t\t\t\t\t\t\t\t\t<div class=\"elementor-carousel-image lazyload\" style=\"background-image:inherit\" data-bg-image=\"url(https:\/\/www.studiodentis.lt\/wp-content\/uploads\/2023\/01\/Vaiku-dantu-prieziura-burnos-higiena12.jpg)\">\n\t\t\t\t\t<\/div>\n\t\t\t\t\t\t\t\t<\/div>\n\t\t\t\t\t\t\t\t\t\t\t<div class=\"swiper-slide\">\n\t\t\t\t\t\t\t\t\t<div class=\"elementor-carousel-image lazyload\" style=\"background-image:inherit\" data-bg-image=\"url(https:\/\/www.studiodentis.lt\/wp-content\/uploads\/2023\/03\/Vaiku-dantu-prieziura-dantu-sepetukas-1.jpg)\">\n\t\t\t\t\t<\/div>\n\t\t\t\t\t\t\t\t<\/div>\n\t\t\t\t\t\t\t\t\t\t\t<div class=\"swiper-slide\">\n\t\t\t\t\t\t\t\t\t<div class=\"elementor-carousel-image lazyload\" style=\"background-image:inherit\" data-bg-image=\"url(https:\/\/www.studiodentis.lt\/wp-content\/uploads\/2022\/08\/DUK_StudioDentis.jpg)\">\n\t\t\t\t\t<\/div>\n\t\t\t\t\t\t\t\t<\/div>\n\t\t\t\t\t\t\t\t\t<\/div>\n\t\t\t\t\t\t\t\t\t\t\t\t\t\t\t<div class=\"swiper-pagination\"><\/div>\n\t\t\t\t\t\t\t\t\t\t\t\t\t\t\t\t<div class=\"elementor-swiper-button elementor-swiper-button-prev\">\n\t\t\t\t\t\t\t<i aria-hidden=\"true\" class=\"eicon-chevron-left\"><\/i>\t\t\t\t\t\t\t<span class=\"elementor-screen-only\">Previous<\/span>\n\t\t\t\t\t\t<\/div>\n\t\t\t\t\t\t<div class=\"elementor-swiper-button elementor-swiper-button-next\">\n\t\t\t\t\t\t\t<i aria-hidden=\"true\" class=\"eicon-chevron-right\"><\/i>\t\t\t\t\t\t\t<span class=\"elementor-screen-only\">Next<\/span>\n\t\t\t\t\t\t<\/div>\n\t\t\t\t\t\t\t\t\t\t\t\t<\/div>\n\t\t<\/div>\n\t\t\t\t\t\t<\/div>\n\t\t\t\t<\/div>\n\t\t\t\t\t<\/div>\n\t\t<\/div>\n\t\t\t\t\t<\/div>\n\t\t<\/section>\n\t\t\t\t<section class=\"elementor-section elementor-top-section elementor-element elementor-element-6f6ee73 elementor-section-boxed elementor-section-height-default elementor-section-height-default qodef-elementor-content-no\" data-id=\"6f6ee73\" data-element_type=\"section\">\n\t\t\t\t\t\t<div class=\"elementor-container elementor-column-gap-default\">\n\t\t\t\t\t<div class=\"elementor-column elementor-col-100 elementor-top-column elementor-element elementor-element-32197ab\" data-id=\"32197ab\" data-element_type=\"column\">\n\t\t\t<div class=\"elementor-widget-wrap elementor-element-populated\">\n\t\t\t\t\t\t<div class=\"elementor-element elementor-element-992bc98 elementor-widget elementor-widget-text-editor\" data-id=\"992bc98\" data-element_type=\"widget\" data-widget_type=\"text-editor.default\">\n\t\t\t\t<div class=\"elementor-widget-container\">\n\t\t\t\t\t\t\t\t\t<p style=\"text-align: center;\"><span style=\"font-weight: 400;\">Healthy milk teeth are very important for a child.First of all, milk teeth maintain and create the spaces in the mouth that are needed for the permanent teeth to erupt. Milk teeth also help the development of a child's jaw and shape the face, influence growth and weight, and affect the functioning of the child's digestive system.\u00a0<\/span><\/p><p style=\"text-align: center;\"><span style=\"font-weight: 400;\">Healthy milk teeth also provide a healthy environment for the formation of permanent teeth. Therefore, milk teeth <strong>need care and treatment<\/strong>because decayed milk teeth are a potential source of infection in a child's body, and premature loss of teeth can lead to permanent bite problems.\u00a0<\/span><\/p>\t\t\t\t\t\t\t\t<\/div>\n\t\t\t\t<\/div>\n\t\t\t\t\t<\/div>\n\t\t<\/div>\n\t\t\t\t\t<\/div>\n\t\t<\/section>\n\t\t\t\t<section class=\"elementor-section elementor-top-section elementor-element elementor-element-3648dae elementor-section-boxed elementor-section-height-default elementor-section-height-default qodef-elementor-content-no\" data-id=\"3648dae\" data-element_type=\"section\">\n\t\t\t\t\t\t<div class=\"elementor-container elementor-column-gap-default\">\n\t\t\t\t\t<div class=\"elementor-column elementor-col-100 elementor-top-column elementor-element elementor-element-13a8de9\" data-id=\"13a8de9\" data-element_type=\"column\">\n\t\t\t<div class=\"elementor-widget-wrap elementor-element-populated\">\n\t\t\t\t\t\t<div class=\"elementor-element elementor-element-33b4742 elementor-widget elementor-widget-allsmiles_core_accordion\" data-id=\"33b4742\" data-element_type=\"widget\" data-widget_type=\"allsmiles_core_accordion.default\">\n\t\t\t\t<div class=\"elementor-widget-container\">\n\t\t\t\t\t<div class=\"qodef-shortcode qodef-m  qodef-accordion clear qodef-behavior--accordion qodef-layout--simple\">\n\t<h4 class=\"qodef-accordion-title\">\n\t<span class=\"qodef-tab-title\">When should I start brushing my teeth?<\/span>\n\t<span class=\"qodef-accordion-mark\">\n\t\t<span class=\"qodef-icon--plus\"><svg  xmlns=\"http:\/\/www.w3.org\/2000\/svg\" xmlns:xlink=\"http:\/\/www.w3.org\/1999\/xlink\" viewbox=\"0 0 9 5.23\"><polygon points=\"0.73 0 4.5 3.77 8.27 0 9 0.73 4.5 5.23 0 0.73 0.73 0\"\/><\/svg><\/span>\n\t\t<span class=\"qodef-icon--minus\"><svg  xmlns=\"http:\/\/www.w3.org\/2000\/svg\" xmlns:xlink=\"http:\/\/www.w3.org\/1999\/xlink\" viewbox=\"0 0 9 5.23\"><polygon points=\"0.73 0 4.5 3.77 8.27 0 9 0.73 4.5 5.23 0 0.73 0.73 0\"\/><\/svg><\/span>\n\t<\/span>\n<\/h4>\n<div class=\"qodef-accordion-content\">\n\t<div class=\"qodef-accordion-content-inner\">\n\t\t<p><span style=\"font-weight: 400;\">We start brushing children's teeth as soon as they emerge - this can be done with damp gauze, a special wipe or a clean cloth in the morning and at night before going to bed. This can be done as long as the surface of the teeth is smooth and has a simple anatomical structure, and until the child's first milk teeth have erupted, i.e. until about 1 year of age. After that, you should buy a soft children's toothbrush (according to your child's age) and brush with it. You should also not use any toothpaste at the beginning - it is important that your child understands that he\/she needs to take care of his\/her teeth.<\/span><\/p>\t<\/div>\n<\/div>\n<h4 class=\"qodef-accordion-title\">\n\t<span class=\"qodef-tab-title\">When and how to use children's toothpastes?<\/span>\n\t<span class=\"qodef-accordion-mark\">\n\t\t<span class=\"qodef-icon--plus\"><svg  xmlns=\"http:\/\/www.w3.org\/2000\/svg\" xmlns:xlink=\"http:\/\/www.w3.org\/1999\/xlink\" viewbox=\"0 0 9 5.23\"><polygon points=\"0.73 0 4.5 3.77 8.27 0 9 0.73 4.5 5.23 0 0.73 0.73 0\"\/><\/svg><\/span>\n\t\t<span class=\"qodef-icon--minus\"><svg  xmlns=\"http:\/\/www.w3.org\/2000\/svg\" xmlns:xlink=\"http:\/\/www.w3.org\/1999\/xlink\" viewbox=\"0 0 9 5.23\"><polygon points=\"0.73 0 4.5 3.77 8.27 0 9 0.73 4.5 5.23 0 0.73 0.73 0\"\/><\/svg><\/span>\n\t<\/span>\n<\/h4>\n<div class=\"qodef-accordion-content\">\n\t<div class=\"qodef-accordion-content-inner\">\n\t\t<p><span style=\"font-weight: 400;\">Until the child learns the correct <\/span><span style=\"font-weight: 400;\">mouth h<\/span><span style=\"font-weight: 400;\">for the wall, it is recommended to use fluorescent <\/span><span style=\"font-weight: 400;\">children's toothpaste<\/span><span style=\"font-weight: 400;\">so that your child learns to rinse without swallowing toothpaste. Using fluoride-containing children's <\/span><span style=\"font-weight: 400;\">toothpastes<\/span><span style=\"font-weight: 400;\">In the beginning, you only need to moisten the bristles of the toothbrush and only after half a year, you need to apply toothpaste according to the length of the nail on the little finger of your baby's hand. The size of the nail is the same as the amount of toothpaste put on the toothbrush, so as the child grows the nail gets longer and the amount of toothpaste increases.<\/span><\/p>\t<\/div>\n<\/div>\n<h4 class=\"qodef-accordion-title\">\n\t<span class=\"qodef-tab-title\">How do I brush my child's teeth?<\/span>\n\t<span class=\"qodef-accordion-mark\">\n\t\t<span class=\"qodef-icon--plus\"><svg  xmlns=\"http:\/\/www.w3.org\/2000\/svg\" xmlns:xlink=\"http:\/\/www.w3.org\/1999\/xlink\" viewbox=\"0 0 9 5.23\"><polygon points=\"0.73 0 4.5 3.77 8.27 0 9 0.73 4.5 5.23 0 0.73 0.73 0\"\/><\/svg><\/span>\n\t\t<span class=\"qodef-icon--minus\"><svg  xmlns=\"http:\/\/www.w3.org\/2000\/svg\" xmlns:xlink=\"http:\/\/www.w3.org\/1999\/xlink\" viewbox=\"0 0 9 5.23\"><polygon points=\"0.73 0 4.5 3.77 8.27 0 9 0.73 4.5 5.23 0 0.73 0.73 0\"\/><\/svg><\/span>\n\t<\/span>\n<\/h4>\n<div class=\"qodef-accordion-content\">\n\t<div class=\"qodef-accordion-content-inner\">\n\t\t<p><span style=\"font-weight: 400;\">Healthy milk teeth are very important for a child.<\/span><\/p><p><span style=\"font-weight: 400;\">Milk teeth maintain and create the spaces in the mouth that are needed for permanent teeth to erupt. These teeth help the development of the child's jaw, shape the face, influence growth and weight, and affect the child's digestive system, as the milk teeth help the child to chew food. Healthy milk teeth also provide a healthy environment for the formation of permanent teeth. Therefore, milk teeth <\/span><b>need care and treatment<\/b><span style=\"font-weight: 400;\">because decayed milk teeth are a potential source of infection in a child's body, and premature loss can lead to permanent bite problems.<\/span><\/p>\t<\/div>\n<\/div>\n<h4 class=\"qodef-accordion-title\">\n\t<span class=\"qodef-tab-title\">Do I need treatment for my baby teeth?<\/span>\n\t<span class=\"qodef-accordion-mark\">\n\t\t<span class=\"qodef-icon--plus\"><svg  xmlns=\"http:\/\/www.w3.org\/2000\/svg\" xmlns:xlink=\"http:\/\/www.w3.org\/1999\/xlink\" viewbox=\"0 0 9 5.23\"><polygon points=\"0.73 0 4.5 3.77 8.27 0 9 0.73 4.5 5.23 0 0.73 0.73 0\"\/><\/svg><\/span>\n\t\t<span class=\"qodef-icon--minus\"><svg  xmlns=\"http:\/\/www.w3.org\/2000\/svg\" xmlns:xlink=\"http:\/\/www.w3.org\/1999\/xlink\" viewbox=\"0 0 9 5.23\"><polygon points=\"0.73 0 4.5 3.77 8.27 0 9 0.73 4.5 5.23 0 0.73 0.73 0\"\/><\/svg><\/span>\n\t<\/span>\n<\/h4>\n<div class=\"qodef-accordion-content\">\n\t<div class=\"qodef-accordion-content-inner\">\n\t\t<p>Healthy milk teeth are very important for a child.<br \/>Milk teeth maintain and create the spaces in the mouth needed for permanent teeth to erupt, help develop the jaw and shape the face, and affect growth and weight. Milk teeth influence the functioning of the child's digestive system by ensuring that food is well chewed. Healthy milk teeth also provide a healthy environment for the formation of permanent teeth. Therefore, milk teeth\u00a0<b>need care and treatment<\/b>because decayed milk teeth are a potential focus of infection in a child's body, and premature decay can lead to permanent bite problems.<\/p>\t<\/div>\n<\/div>\n<h4 class=\"qodef-accordion-title\">\n\t<span class=\"qodef-tab-title\">Silanes. How are they useful?<\/span>\n\t<span class=\"qodef-accordion-mark\">\n\t\t<span class=\"qodef-icon--plus\"><svg  xmlns=\"http:\/\/www.w3.org\/2000\/svg\" xmlns:xlink=\"http:\/\/www.w3.org\/1999\/xlink\" viewbox=\"0 0 9 5.23\"><polygon points=\"0.73 0 4.5 3.77 8.27 0 9 0.73 4.5 5.23 0 0.73 0.73 0\"\/><\/svg><\/span>\n\t\t<span class=\"qodef-icon--minus\"><svg  xmlns=\"http:\/\/www.w3.org\/2000\/svg\" xmlns:xlink=\"http:\/\/www.w3.org\/1999\/xlink\" viewbox=\"0 0 9 5.23\"><polygon points=\"0.73 0 4.5 3.77 8.27 0 9 0.73 4.5 5.23 0 0.73 0.73 0\"\/><\/svg><\/span>\n\t<\/span>\n<\/h4>\n<div class=\"qodef-accordion-content\">\n\t<div class=\"qodef-accordion-content-inner\">\n\t\t<p>Silanes are used to cover the grooves of the teeth, thus creating a barrier against plaque damaging the enamel. Silants are usually used to protect permanent teeth. The procedure is completely painless. It is medically considered to be a very good preventive measure against tooth decay.<\/p>\t<\/div>\n<\/div>\n<\/div>\n\t\t\t\t<\/div>\n\t\t\t\t<\/div>\n\t\t\t\t\t<\/div>\n\t\t<\/div>\n\t\t\t\t\t<\/div>\n\t\t<\/section>\n\t\t\t\t<\/div>","protected":false},"excerpt":{"rendered":"<p>Vaik\u0173 dant\u0173 gydymas Previous Next Sveiki pieniniai dantys vaikui yra labai svarb\u016bs.Vis\u0173 pirma, pieniniai dantys i\u0161laiko ir sudaro burnoje tarpus, kurie reikalingi dygstant nuolatiniams dantims. Pieniniai dantys taip pat padeda vystytis vaiko \u017eandikauliui ir formuoja veid\u0105, turi \u012ftakos augimui ir svoriui bei vaiko vir\u0161kinimo organ\u0173 sistemos veiklai.\u00a0 Sveiki pieniniai dantys sudaro ir sveik\u0105 aplink\u0105 nuolatini\u0173 [&hellip;]<\/p>","protected":false},"author":1,"featured_media":0,"parent":0,"menu_order":0,"comment_status":"closed","ping_status":"closed","template":"page-full-width.php","meta":{"inline_featured_image":false,"footnotes":""},"class_list":["post-11716","page","type-page","status-publish","hentry"],"yoast_head":"<!-- This site is optimized with the Yoast SEO plugin v26.7 - https:\/\/yoast.com\/wordpress\/plugins\/seo\/ -->\n<title>Vaik\u0173 dant\u0173 gydymas Vilniuje | \u201eStudio dentis\u201c<\/title>\n<meta name=\"description\" content=\"Vaik\u0173 pienini\u0173 dant\u0173 gydymas \u2013 apsauga nuo infekcij\u0173. Draugi\u0161ka aplinka ir saugumas dr\u0105siems vizitams. Ugdome dant\u0173 prie\u017ei\u016bros \u012fg\u016bd\u017eius!\" \/>\n<meta name=\"robots\" content=\"index, follow, max-snippet:-1, max-image-preview:large, max-video-preview:-1\" \/>\n<link rel=\"canonical\" href=\"https:\/\/www.studiodentis.lt\/en\/child-dental-treatment\/\" \/>\n<meta property=\"og:locale\" content=\"en_GB\" \/>\n<meta property=\"og:type\" content=\"article\" \/>\n<meta property=\"og:title\" content=\"Vaik\u0173 dant\u0173 gydymas Vilniuje | \u201eStudio dentis\u201c\" \/>\n<meta property=\"og:description\" content=\"Vaik\u0173 pienini\u0173 dant\u0173 gydymas \u2013 apsauga nuo infekcij\u0173. Draugi\u0161ka aplinka ir saugumas dr\u0105siems vizitams. Ugdome dant\u0173 prie\u017ei\u016bros \u012fg\u016bd\u017eius!\" \/>\n<meta property=\"og:url\" content=\"https:\/\/www.studiodentis.lt\/en\/child-dental-treatment\/\" \/>\n<meta property=\"og:site_name\" content=\"Estetin\u0117s odontologijos klinika\" \/>\n<meta property=\"article:modified_time\" content=\"2024-10-16T14:37:58+00:00\" \/>\n<meta name=\"twitter:card\" content=\"summary_large_image\" \/>\n<meta name=\"twitter:label1\" content=\"Estimated reading time\" \/>\n\t<meta name=\"twitter:data1\" content=\"3 minutes\" \/>\n<script type=\"application\/ld+json\" class=\"yoast-schema-graph\">{\"@context\":\"https:\/\/schema.org\",\"@graph\":[{\"@type\":\"WebPage\",\"@id\":\"https:\/\/www.studiodentis.lt\/vaiku-dantu-gydymas\/\",\"url\":\"https:\/\/www.studiodentis.lt\/vaiku-dantu-gydymas\/\",\"name\":\"Vaik\u0173 dant\u0173 gydymas Vilniuje | \u201eStudio dentis\u201c\",\"isPartOf\":{\"@id\":\"https:\/\/www.studiodentis.lt\/#website\"},\"datePublished\":\"2023-01-21T09:43:36+00:00\",\"dateModified\":\"2024-10-16T14:37:58+00:00\",\"description\":\"Vaik\u0173 pienini\u0173 dant\u0173 gydymas \u2013 apsauga nuo infekcij\u0173. Draugi\u0161ka aplinka ir saugumas dr\u0105siems vizitams. Ugdome dant\u0173 prie\u017ei\u016bros \u012fg\u016bd\u017eius!\",\"breadcrumb\":{\"@id\":\"https:\/\/www.studiodentis.lt\/vaiku-dantu-gydymas\/#breadcrumb\"},\"inLanguage\":\"en-GB\",\"potentialAction\":[{\"@type\":\"ReadAction\",\"target\":[\"https:\/\/www.studiodentis.lt\/vaiku-dantu-gydymas\/\"]}]},{\"@type\":\"BreadcrumbList\",\"@id\":\"https:\/\/www.studiodentis.lt\/vaiku-dantu-gydymas\/#breadcrumb\",\"itemListElement\":[{\"@type\":\"ListItem\",\"position\":1,\"name\":\"Home\",\"item\":\"https:\/\/www.studiodentis.lt\/\"},{\"@type\":\"ListItem\",\"position\":2,\"name\":\"Vaik\u0173 dant\u0173 gydymas\"}]},{\"@type\":\"WebSite\",\"@id\":\"https:\/\/www.studiodentis.lt\/#website\",\"url\":\"https:\/\/www.studiodentis.lt\/\",\"name\":\"Estetin\u0117s odontologijos klinika\",\"description\":\"Estetinis plombavimas I Periodontologinis gydymas I Dant\u0173 \u0161akn\u0173 kanal\u0173 gydymas\",\"potentialAction\":[{\"@type\":\"SearchAction\",\"target\":{\"@type\":\"EntryPoint\",\"urlTemplate\":\"https:\/\/www.studiodentis.lt\/?s={search_term_string}\"},\"query-input\":{\"@type\":\"PropertyValueSpecification\",\"valueRequired\":true,\"valueName\":\"search_term_string\"}}],\"inLanguage\":\"en-GB\"}]}<\/script>\n<!-- \/ Yoast SEO plugin. -->","yoast_head_json":{"title":"Vaik\u0173 dant\u0173 gydymas Vilniuje | \u201eStudio dentis\u201c","description":"Vaik\u0173 pienini\u0173 dant\u0173 gydymas \u2013 apsauga nuo infekcij\u0173. Draugi\u0161ka aplinka ir saugumas dr\u0105siems vizitams. Ugdome dant\u0173 prie\u017ei\u016bros \u012fg\u016bd\u017eius!","robots":{"index":"index","follow":"follow","max-snippet":"max-snippet:-1","max-image-preview":"max-image-preview:large","max-video-preview":"max-video-preview:-1"},"canonical":"https:\/\/www.studiodentis.lt\/en\/child-dental-treatment\/","og_locale":"en_GB","og_type":"article","og_title":"Vaik\u0173 dant\u0173 gydymas Vilniuje | \u201eStudio dentis\u201c","og_description":"Vaik\u0173 pienini\u0173 dant\u0173 gydymas \u2013 apsauga nuo infekcij\u0173. Draugi\u0161ka aplinka ir saugumas dr\u0105siems vizitams. Ugdome dant\u0173 prie\u017ei\u016bros \u012fg\u016bd\u017eius!","og_url":"https:\/\/www.studiodentis.lt\/en\/child-dental-treatment\/","og_site_name":"Estetin\u0117s odontologijos klinika","article_modified_time":"2024-10-16T14:37:58+00:00","twitter_card":"summary_large_image","twitter_misc":{"Estimated reading time":"3 minutes"},"schema":{"@context":"https:\/\/schema.org","@graph":[{"@type":"WebPage","@id":"https:\/\/www.studiodentis.lt\/vaiku-dantu-gydymas\/","url":"https:\/\/www.studiodentis.lt\/vaiku-dantu-gydymas\/","name":"Vaik\u0173 dant\u0173 gydymas Vilniuje | \u201eStudio dentis\u201c","isPartOf":{"@id":"https:\/\/www.studiodentis.lt\/#website"},"datePublished":"2023-01-21T09:43:36+00:00","dateModified":"2024-10-16T14:37:58+00:00","description":"Vaik\u0173 pienini\u0173 dant\u0173 gydymas \u2013 apsauga nuo infekcij\u0173. Draugi\u0161ka aplinka ir saugumas dr\u0105siems vizitams. Ugdome dant\u0173 prie\u017ei\u016bros \u012fg\u016bd\u017eius!","breadcrumb":{"@id":"https:\/\/www.studiodentis.lt\/vaiku-dantu-gydymas\/#breadcrumb"},"inLanguage":"en-GB","potentialAction":[{"@type":"ReadAction","target":["https:\/\/www.studiodentis.lt\/vaiku-dantu-gydymas\/"]}]},{"@type":"BreadcrumbList","@id":"https:\/\/www.studiodentis.lt\/vaiku-dantu-gydymas\/#breadcrumb","itemListElement":[{"@type":"ListItem","position":1,"name":"Home","item":"https:\/\/www.studiodentis.lt\/"},{"@type":"ListItem","position":2,"name":"Vaik\u0173 dant\u0173 gydymas"}]},{"@type":"WebSite","@id":"https:\/\/www.studiodentis.lt\/#website","url":"https:\/\/www.studiodentis.lt\/","name":"Estetin\u0117s odontologijos klinika","description":"Estetinis plombavimas I Periodontologinis gydymas I Dant\u0173 \u0161akn\u0173 kanal\u0173 gydymas","potentialAction":[{"@type":"SearchAction","target":{"@type":"EntryPoint","urlTemplate":"https:\/\/www.studiodentis.lt\/?s={search_term_string}"},"query-input":{"@type":"PropertyValueSpecification","valueRequired":true,"valueName":"search_term_string"}}],"inLanguage":"en-GB"}]}},"_links":{"self":[{"href":"https:\/\/www.studiodentis.lt\/en\/wp-json\/wp\/v2\/pages\/11716","targetHints":{"allow":["GET"]}}],"collection":[{"href":"https:\/\/www.studiodentis.lt\/en\/wp-json\/wp\/v2\/pages"}],"about":[{"href":"https:\/\/www.studiodentis.lt\/en\/wp-json\/wp\/v2\/types\/page"}],"author":[{"embeddable":true,"href":"https:\/\/www.studiodentis.lt\/en\/wp-json\/wp\/v2\/users\/1"}],"replies":[{"embeddable":true,"href":"https:\/\/www.studiodentis.lt\/en\/wp-json\/wp\/v2\/comments?post=11716"}],"version-history":[{"count":9,"href":"https:\/\/www.studiodentis.lt\/en\/wp-json\/wp\/v2\/pages\/11716\/revisions"}],"predecessor-version":[{"id":15291,"href":"https:\/\/www.studiodentis.lt\/en\/wp-json\/wp\/v2\/pages\/11716\/revisions\/15291"}],"wp:attachment":[{"href":"https:\/\/www.studiodentis.lt\/en\/wp-json\/wp\/v2\/media?parent=11716"}],"curies":[{"name":"wp","href":"https:\/\/api.w.org\/{rel}","templated":true}]}}