{"id":15,"date":"2022-06-17T06:44:53","date_gmt":"2022-06-17T06:44:53","guid":{"rendered":"https:\/\/www.studiodentis.lt\/?page_id=15"},"modified":"2025-07-01T11:12:33","modified_gmt":"2025-07-01T11:12:33","slug":"privatumo-politika","status":"publish","type":"page","link":"https:\/\/www.studiodentis.lt\/en\/privacy-policy-2\/","title":{"rendered":"Privacy Policy"},"content":{"rendered":"<p class=\"has-text-align-left\"><strong>UAB Studio dentis, \u012fm. kodas 300090890, Taikos g. 104-54, Vilnius,&nbsp;\u012fmonei priklausan\u010dioje<br>The https:\/\/www.studiodentis.lt\/ website collects and manages your personal data.<\/strong><\/p>\n\n\n\n<p class=\"has-text-align-left\"><br>This Privacy Policy explains how https:\/\/www.studiodentis.lt\/ uses your personal data and<br>provide reasons for collecting your personal data. Therefore, before you browse https:\/\/www.studiodentis.lt\/<br>on the website, please read this document.<br>We ensure the security and confidentiality of your personal data.<\/p>\n\n\n\n<p class=\"has-text-align-left\"><br><strong>Personal data we collect:<\/strong><\/p>\n\n\n\n<p class=\"has-text-align-left\"><br>When you browse https:\/\/www.studiodentis.lt\/, we automatically collect certain information about you<br>your device - browser, IP address, time zone and cookies on your device. We also collect statistical data<br>website browsing data: the pages you visit, the products you view and more<br>website browsing information. We refer to this automatically collected information as \"Device Information\".<br>We may also collect personal data that you provide to us (name, surname, address,<br>payment information, etc.) by creating an account on our website.<\/p>\n\n\n\n<p class=\"has-text-align-left\"><br><strong>Why do we collect your data?<\/strong><\/p>\n\n\n\n<p class=\"has-text-align-left\"><br>The security of your data is of the utmost importance to us, which is why we collect and manage only the most necessary information about you.<br>personal data, without which we would not be able to ensure the smooth operation of the website. Automatically<br>the data collected is used for website analytics. However, we ensure that the statistical<br>the information cannot identify specific users.<br>You may visit our website without providing any information that can be used to identify you<br>identity. However, if you wish to use the features of our website, you may wish to receive our<br>newsletter or fill in our contact form, then you can provide us with your personal<br>data: email address, name, surname, residence information, telephone number. You have<br>the choice not to provide us with your personal data, but in this case you will not be able to use<br>most of the website's features. Visitors to the website who do not know what information we require<br>collection, you can contact us at info@www.studiodentis.lt.<\/p>\n\n\n\n<p class=\"has-text-align-left\"><br><strong>Your rights:<\/strong><\/p>\n\n\n\n<p class=\"has-text-align-left\"><strong><br><\/strong>If you are a European resident, you have various rights relating to the protection of your personal data:<br>\uf0b7 Right to be informed.<br>\uf0b7 The right to receive your information that we process.<br>\uf0b7 Right to correct inaccurate or incorrect information about you.<br>\uf0b7 Right to erasure of all data about you.<br>\uf0b7 Right to restrict processing.<br>\uf0b7 The right to transfer any data collected about you to another controller.<br>\uf0b7 Right to object to the processing of personal data.<br>\uf0b7 Rights relating to the management of automated data.<\/p>\n\n\n\n<p class=\"has-text-align-left\"><br>If you would like more information, please contact us using the contact details below<br>Information.<br>Be warned that we manage the personal data of European residents to fulfil your orders<br>or otherwise meet the objectives listed at the beginning of the document. Please note that your data<br>may be transferred outside Europe (for example to Canada or the US).<\/p>\n\n\n\n<p class=\"has-text-align-left\"><br><strong>Links to other websites:<\/strong><\/p>\n\n\n\n<p>Our website may contain links to other websites that we do not control. We note that we are not<br>responsible for the collection of personal data by other websites or third parties. Leaving our<br>website, we recommend that you read the privacy policies of third party websites.<\/p>\n\n\n\n<p><br><strong>Data protection:<\/strong><\/p>\n\n\n\n<p><br>To protect your personal data, we use top-quality servers that can be accessed by<br>Only authorised persons. We regularly monitor our systems to see if there are any<br>vulnerable locations or cyber-attacks that could affect your personal data.<br>Nevertheless, we do not guarantee the absolute security of your personal data.<\/p>\n\n\n\n<p><br><strong>Disclosure:<\/strong><\/p>\n\n\n\n<p><br>We reserve the right to disclose your personal data in accordance with the law, should we need to defend our<br>rights, your safety and the safety of others, to investigate a crime, or to respond to a government request to disclose your<br>personal data.<\/p>\n\n\n\n<p><br><strong>Contact information:<\/strong><\/p>\n\n\n\n<p><br>If you would like more information about this privacy policy or about your personal data,<br>kreipkit\u0117s \u012f mus el. pa\u0161tu\u00a0<a href=\"mailto:info@studiodentis.lt\">info@studiodentis.lt<\/a>.<\/p>\n\n\n\n<p><\/p>","protected":false},"excerpt":{"rendered":"<p>UAB Studio dentis, \u012fm. kodas 300090890, Taikos g. 104-54, Vilnius,&nbsp;\u012fmonei priklausan\u010diojehttps:\/\/www.studiodentis.lt\/ svetain\u0117je yra renkami ir valdomi j\u016bs\u0173 asmeniniai duomenys. \u0160i Privatumo politika i\u0161ai\u0161kina, kaip https:\/\/www.studiodentis.lt\/ naudoja j\u016bs\u0173 asmeninius duomenis beipateikia prie\u017eastis j\u016bs\u0173 asmenini\u0173 duomen\u0173 rinkimui. D\u0117l to, prie\u0161 nar\u0161ant https:\/\/www.studiodentis.lt\/svetain\u0117je, perskaitykite \u0161\u012f dokument\u0105.Mes u\u017etikriname j\u016bs\u0173 asmenini\u0173 duomen\u0173 saugum\u0105 ir konfidencialum\u0105. Asmeniniai duomenys, kuriuos renkame: Kuomet [&hellip;]<\/p>","protected":false},"author":1,"featured_media":0,"parent":0,"menu_order":0,"comment_status":"closed","ping_status":"closed","template":"","meta":{"inline_featured_image":false,"footnotes":""},"class_list":["post-15","page","type-page","status-publish","hentry"],"yoast_head":"<!-- This site is optimized with the Yoast SEO plugin v26.7 - https:\/\/yoast.com\/wordpress\/plugins\/seo\/ -->\n<title>Privatumo politika - Estetin\u0117s odontologijos klinika<\/title>\n<meta name=\"robots\" content=\"index, follow, max-snippet:-1, max-image-preview:large, max-video-preview:-1\" \/>\n<link rel=\"canonical\" href=\"https:\/\/www.studiodentis.lt\/en\/privacy-policy-2\/\" \/>\n<meta property=\"og:locale\" content=\"en_GB\" \/>\n<meta property=\"og:type\" content=\"article\" \/>\n<meta property=\"og:title\" content=\"Privatumo politika - Estetin\u0117s odontologijos klinika\" \/>\n<meta property=\"og:description\" content=\"UAB Studio dentis, \u012fm. kodas 300090890, Taikos g. 104-54, Vilnius,&nbsp;\u012fmonei priklausan\u010diojehttps:\/\/www.studiodentis.lt\/ svetain\u0117je yra renkami ir valdomi j\u016bs\u0173 asmeniniai duomenys. \u0160i Privatumo politika i\u0161ai\u0161kina, kaip https:\/\/www.studiodentis.lt\/ naudoja j\u016bs\u0173 asmeninius duomenis beipateikia prie\u017eastis j\u016bs\u0173 asmenini\u0173 duomen\u0173 rinkimui. D\u0117l to, prie\u0161 nar\u0161ant https:\/\/www.studiodentis.lt\/svetain\u0117je, perskaitykite \u0161\u012f dokument\u0105.Mes u\u017etikriname j\u016bs\u0173 asmenini\u0173 duomen\u0173 saugum\u0105 ir konfidencialum\u0105. Asmeniniai duomenys, kuriuos renkame: Kuomet [&hellip;]\" \/>\n<meta property=\"og:url\" content=\"https:\/\/www.studiodentis.lt\/en\/privacy-policy-2\/\" \/>\n<meta property=\"og:site_name\" content=\"Estetin\u0117s odontologijos klinika\" \/>\n<meta property=\"article:modified_time\" content=\"2025-07-01T11:12:33+00:00\" \/>\n<meta name=\"twitter:card\" content=\"summary_large_image\" \/>\n<meta name=\"twitter:label1\" content=\"Estimated reading time\" \/>\n\t<meta name=\"twitter:data1\" content=\"3 minutes\" \/>\n<script type=\"application\/ld+json\" class=\"yoast-schema-graph\">{\"@context\":\"https:\/\/schema.org\",\"@graph\":[{\"@type\":\"WebPage\",\"@id\":\"https:\/\/www.studiodentis.lt\/privatumo-politika\/\",\"url\":\"https:\/\/www.studiodentis.lt\/privatumo-politika\/\",\"name\":\"Privatumo politika - Estetin\u0117s odontologijos klinika\",\"isPartOf\":{\"@id\":\"https:\/\/www.studiodentis.lt\/#website\"},\"datePublished\":\"2022-06-17T06:44:53+00:00\",\"dateModified\":\"2025-07-01T11:12:33+00:00\",\"breadcrumb\":{\"@id\":\"https:\/\/www.studiodentis.lt\/privatumo-politika\/#breadcrumb\"},\"inLanguage\":\"en-GB\",\"potentialAction\":[{\"@type\":\"ReadAction\",\"target\":[\"https:\/\/www.studiodentis.lt\/privatumo-politika\/\"]}]},{\"@type\":\"BreadcrumbList\",\"@id\":\"https:\/\/www.studiodentis.lt\/privatumo-politika\/#breadcrumb\",\"itemListElement\":[{\"@type\":\"ListItem\",\"position\":1,\"name\":\"Home\",\"item\":\"https:\/\/www.studiodentis.lt\/\"},{\"@type\":\"ListItem\",\"position\":2,\"name\":\"Privatumo politika\"}]},{\"@type\":\"WebSite\",\"@id\":\"https:\/\/www.studiodentis.lt\/#website\",\"url\":\"https:\/\/www.studiodentis.lt\/\",\"name\":\"Estetin\u0117s odontologijos klinika\",\"description\":\"Estetinis plombavimas I Periodontologinis gydymas I Dant\u0173 \u0161akn\u0173 kanal\u0173 gydymas\",\"potentialAction\":[{\"@type\":\"SearchAction\",\"target\":{\"@type\":\"EntryPoint\",\"urlTemplate\":\"https:\/\/www.studiodentis.lt\/?s={search_term_string}\"},\"query-input\":{\"@type\":\"PropertyValueSpecification\",\"valueRequired\":true,\"valueName\":\"search_term_string\"}}],\"inLanguage\":\"en-GB\"}]}<\/script>\n<!-- \/ Yoast SEO plugin. -->","yoast_head_json":{"title":"Privatumo politika - Estetin\u0117s odontologijos klinika","robots":{"index":"index","follow":"follow","max-snippet":"max-snippet:-1","max-image-preview":"max-image-preview:large","max-video-preview":"max-video-preview:-1"},"canonical":"https:\/\/www.studiodentis.lt\/en\/privacy-policy-2\/","og_locale":"en_GB","og_type":"article","og_title":"Privatumo politika - Estetin\u0117s odontologijos klinika","og_description":"UAB Studio dentis, \u012fm. kodas 300090890, Taikos g. 104-54, Vilnius,&nbsp;\u012fmonei priklausan\u010diojehttps:\/\/www.studiodentis.lt\/ svetain\u0117je yra renkami ir valdomi j\u016bs\u0173 asmeniniai duomenys. \u0160i Privatumo politika i\u0161ai\u0161kina, kaip https:\/\/www.studiodentis.lt\/ naudoja j\u016bs\u0173 asmeninius duomenis beipateikia prie\u017eastis j\u016bs\u0173 asmenini\u0173 duomen\u0173 rinkimui. D\u0117l to, prie\u0161 nar\u0161ant https:\/\/www.studiodentis.lt\/svetain\u0117je, perskaitykite \u0161\u012f dokument\u0105.Mes u\u017etikriname j\u016bs\u0173 asmenini\u0173 duomen\u0173 saugum\u0105 ir konfidencialum\u0105. Asmeniniai duomenys, kuriuos renkame: Kuomet [&hellip;]","og_url":"https:\/\/www.studiodentis.lt\/en\/privacy-policy-2\/","og_site_name":"Estetin\u0117s odontologijos klinika","article_modified_time":"2025-07-01T11:12:33+00:00","twitter_card":"summary_large_image","twitter_misc":{"Estimated reading time":"3 minutes"},"schema":{"@context":"https:\/\/schema.org","@graph":[{"@type":"WebPage","@id":"https:\/\/www.studiodentis.lt\/privatumo-politika\/","url":"https:\/\/www.studiodentis.lt\/privatumo-politika\/","name":"Privatumo politika - Estetin\u0117s odontologijos klinika","isPartOf":{"@id":"https:\/\/www.studiodentis.lt\/#website"},"datePublished":"2022-06-17T06:44:53+00:00","dateModified":"2025-07-01T11:12:33+00:00","breadcrumb":{"@id":"https:\/\/www.studiodentis.lt\/privatumo-politika\/#breadcrumb"},"inLanguage":"en-GB","potentialAction":[{"@type":"ReadAction","target":["https:\/\/www.studiodentis.lt\/privatumo-politika\/"]}]},{"@type":"BreadcrumbList","@id":"https:\/\/www.studiodentis.lt\/privatumo-politika\/#breadcrumb","itemListElement":[{"@type":"ListItem","position":1,"name":"Home","item":"https:\/\/www.studiodentis.lt\/"},{"@type":"ListItem","position":2,"name":"Privatumo politika"}]},{"@type":"WebSite","@id":"https:\/\/www.studiodentis.lt\/#website","url":"https:\/\/www.studiodentis.lt\/","name":"Estetin\u0117s odontologijos klinika","description":"Estetinis plombavimas I Periodontologinis gydymas I Dant\u0173 \u0161akn\u0173 kanal\u0173 gydymas","potentialAction":[{"@type":"SearchAction","target":{"@type":"EntryPoint","urlTemplate":"https:\/\/www.studiodentis.lt\/?s={search_term_string}"},"query-input":{"@type":"PropertyValueSpecification","valueRequired":true,"valueName":"search_term_string"}}],"inLanguage":"en-GB"}]}},"_links":{"self":[{"href":"https:\/\/www.studiodentis.lt\/en\/wp-json\/wp\/v2\/pages\/15","targetHints":{"allow":["GET"]}}],"collection":[{"href":"https:\/\/www.studiodentis.lt\/en\/wp-json\/wp\/v2\/pages"}],"about":[{"href":"https:\/\/www.studiodentis.lt\/en\/wp-json\/wp\/v2\/types\/page"}],"author":[{"embeddable":true,"href":"https:\/\/www.studiodentis.lt\/en\/wp-json\/wp\/v2\/users\/1"}],"replies":[{"embeddable":true,"href":"https:\/\/www.studiodentis.lt\/en\/wp-json\/wp\/v2\/comments?post=15"}],"version-history":[{"count":1,"href":"https:\/\/www.studiodentis.lt\/en\/wp-json\/wp\/v2\/pages\/15\/revisions"}],"predecessor-version":[{"id":15433,"href":"https:\/\/www.studiodentis.lt\/en\/wp-json\/wp\/v2\/pages\/15\/revisions\/15433"}],"wp:attachment":[{"href":"https:\/\/www.studiodentis.lt\/en\/wp-json\/wp\/v2\/media?parent=15"}],"curies":[{"name":"wp","href":"https:\/\/api.w.org\/{rel}","templated":true}]}}