{"id":3040,"date":"2020-11-19T09:17:10","date_gmt":"2020-11-19T09:17:10","guid":{"rendered":"https:\/\/allsmiles.qodeinteractive.com\/?post_type=product&amp;p=3040"},"modified":"2020-11-19T09:17:10","modified_gmt":"2020-11-19T09:17:10","slug":"toothbrush","status":"publish","type":"product","link":"https:\/\/www.studiodentis.lt\/en\/product\/toothbrush\/","title":{"rendered":"Toothbrush"},"content":{"rendered":"<p>Lorem ipsum dolor sit amet, nusquam intellegam ne vim. Ferri meliore propriae mea ea, cu dictas nusquam sapientem vis, no per nisl evertitur. Ut ludus laboramus mea, vix eu enim definitiones interpretaris. Tation dicunt scripserit est cu. Ius vocibus ponderum ad. Id everti utamur mei, cum labore reprimique at, eros delicata mel ea, no eos illum epicurei facilisi.<\/p>","protected":false},"excerpt":{"rendered":"<p>Eum ei primis graeco. Mea te melius probatus adolescens, at dolorem officiis sea, tempor laoreet expetenda est eu. Sea ridens debitis reprimique at, mea in eros oblique. Pro quando definitiones cu, omnes tibique no mea iudico.<\/p>","protected":false},"featured_media":3049,"template":"","meta":{"inline_featured_image":false},"product_brand":[],"product_cat":[42],"product_tag":[31],"class_list":{"0":"post-3040","1":"product","2":"type-product","3":"status-publish","4":"has-post-thumbnail","6":"product_cat-teeth","7":"product_tag-dentist","9":"first","10":"instock","11":"shipping-taxable","12":"purchasable","13":"product-type-simple"},"yoast_head":"<!-- This site is optimized with the Yoast SEO plugin v26.7 - https:\/\/yoast.com\/wordpress\/plugins\/seo\/ -->\n<title>Toothbrush - Estetin\u0117s odontologijos klinika<\/title>\n<meta name=\"robots\" content=\"index, follow, max-snippet:-1, max-image-preview:large, max-video-preview:-1\" \/>\n<link rel=\"canonical\" href=\"https:\/\/www.studiodentis.lt\/en\/product\/toothbrush\/\" \/>\n<meta property=\"og:locale\" content=\"en_GB\" \/>\n<meta property=\"og:type\" content=\"article\" \/>\n<meta property=\"og:title\" content=\"Toothbrush - Estetin\u0117s odontologijos klinika\" \/>\n<meta property=\"og:description\" content=\"Eum ei primis graeco. Mea te melius probatus adolescens, at dolorem officiis sea, tempor laoreet expetenda est eu. Sea ridens debitis reprimique at, mea in eros oblique. Pro quando definitiones cu, omnes tibique no mea iudico.\" \/>\n<meta property=\"og:url\" content=\"https:\/\/www.studiodentis.lt\/en\/product\/toothbrush\/\" \/>\n<meta property=\"og:site_name\" content=\"Estetin\u0117s odontologijos klinika\" \/>\n<meta property=\"og:image\" content=\"https:\/\/www.studiodentis.lt\/wp-content\/uploads\/2020\/11\/shop-img-8.jpg\" \/>\n\t<meta property=\"og:image:width\" content=\"800\" \/>\n\t<meta property=\"og:image:height\" content=\"800\" \/>\n\t<meta property=\"og:image:type\" content=\"image\/jpeg\" \/>\n<meta name=\"twitter:card\" content=\"summary_large_image\" \/>\n<script type=\"application\/ld+json\" class=\"yoast-schema-graph\">{\"@context\":\"https:\/\/schema.org\",\"@graph\":[{\"@type\":\"WebPage\",\"@id\":\"https:\/\/www.studiodentis.lt\/product\/toothbrush\/\",\"url\":\"https:\/\/www.studiodentis.lt\/product\/toothbrush\/\",\"name\":\"Toothbrush - Estetin\u0117s odontologijos klinika\",\"isPartOf\":{\"@id\":\"https:\/\/www.studiodentis.lt\/#website\"},\"primaryImageOfPage\":{\"@id\":\"https:\/\/www.studiodentis.lt\/product\/toothbrush\/#primaryimage\"},\"image\":{\"@id\":\"https:\/\/www.studiodentis.lt\/product\/toothbrush\/#primaryimage\"},\"thumbnailUrl\":\"https:\/\/www.studiodentis.lt\/wp-content\/uploads\/2020\/11\/shop-img-8.jpg\",\"datePublished\":\"2020-11-19T09:17:10+00:00\",\"breadcrumb\":{\"@id\":\"https:\/\/www.studiodentis.lt\/product\/toothbrush\/#breadcrumb\"},\"inLanguage\":\"en-GB\",\"potentialAction\":[{\"@type\":\"ReadAction\",\"target\":[\"https:\/\/www.studiodentis.lt\/product\/toothbrush\/\"]}]},{\"@type\":\"ImageObject\",\"inLanguage\":\"en-GB\",\"@id\":\"https:\/\/www.studiodentis.lt\/product\/toothbrush\/#primaryimage\",\"url\":\"https:\/\/www.studiodentis.lt\/wp-content\/uploads\/2020\/11\/shop-img-8.jpg\",\"contentUrl\":\"https:\/\/www.studiodentis.lt\/wp-content\/uploads\/2020\/11\/shop-img-8.jpg\",\"width\":800,\"height\":800,\"caption\":\"s\"},{\"@type\":\"BreadcrumbList\",\"@id\":\"https:\/\/www.studiodentis.lt\/product\/toothbrush\/#breadcrumb\",\"itemListElement\":[{\"@type\":\"ListItem\",\"position\":1,\"name\":\"Home\",\"item\":\"https:\/\/www.studiodentis.lt\/\"},{\"@type\":\"ListItem\",\"position\":2,\"name\":\"Shop\",\"item\":\"https:\/\/www.studiodentis.lt\/shop\/\"},{\"@type\":\"ListItem\",\"position\":3,\"name\":\"Toothbrush\"}]},{\"@type\":\"WebSite\",\"@id\":\"https:\/\/www.studiodentis.lt\/#website\",\"url\":\"https:\/\/www.studiodentis.lt\/\",\"name\":\"Estetin\u0117s odontologijos klinika\",\"description\":\"Estetinis plombavimas I Periodontologinis gydymas I Dant\u0173 \u0161akn\u0173 kanal\u0173 gydymas\",\"potentialAction\":[{\"@type\":\"SearchAction\",\"target\":{\"@type\":\"EntryPoint\",\"urlTemplate\":\"https:\/\/www.studiodentis.lt\/?s={search_term_string}\"},\"query-input\":{\"@type\":\"PropertyValueSpecification\",\"valueRequired\":true,\"valueName\":\"search_term_string\"}}],\"inLanguage\":\"en-GB\"}]}<\/script>\n<!-- \/ Yoast SEO plugin. -->","yoast_head_json":{"title":"Toothbrush - Estetin\u0117s odontologijos klinika","robots":{"index":"index","follow":"follow","max-snippet":"max-snippet:-1","max-image-preview":"max-image-preview:large","max-video-preview":"max-video-preview:-1"},"canonical":"https:\/\/www.studiodentis.lt\/en\/product\/toothbrush\/","og_locale":"en_GB","og_type":"article","og_title":"Toothbrush - Estetin\u0117s odontologijos klinika","og_description":"Eum ei primis graeco. Mea te melius probatus adolescens, at dolorem officiis sea, tempor laoreet expetenda est eu. Sea ridens debitis reprimique at, mea in eros oblique. Pro quando definitiones cu, omnes tibique no mea iudico.","og_url":"https:\/\/www.studiodentis.lt\/en\/product\/toothbrush\/","og_site_name":"Estetin\u0117s odontologijos klinika","og_image":[{"width":800,"height":800,"url":"https:\/\/www.studiodentis.lt\/wp-content\/uploads\/2020\/11\/shop-img-8.jpg","type":"image\/jpeg"}],"twitter_card":"summary_large_image","schema":{"@context":"https:\/\/schema.org","@graph":[{"@type":"WebPage","@id":"https:\/\/www.studiodentis.lt\/product\/toothbrush\/","url":"https:\/\/www.studiodentis.lt\/product\/toothbrush\/","name":"Toothbrush - Estetin\u0117s odontologijos klinika","isPartOf":{"@id":"https:\/\/www.studiodentis.lt\/#website"},"primaryImageOfPage":{"@id":"https:\/\/www.studiodentis.lt\/product\/toothbrush\/#primaryimage"},"image":{"@id":"https:\/\/www.studiodentis.lt\/product\/toothbrush\/#primaryimage"},"thumbnailUrl":"https:\/\/www.studiodentis.lt\/wp-content\/uploads\/2020\/11\/shop-img-8.jpg","datePublished":"2020-11-19T09:17:10+00:00","breadcrumb":{"@id":"https:\/\/www.studiodentis.lt\/product\/toothbrush\/#breadcrumb"},"inLanguage":"en-GB","potentialAction":[{"@type":"ReadAction","target":["https:\/\/www.studiodentis.lt\/product\/toothbrush\/"]}]},{"@type":"ImageObject","inLanguage":"en-GB","@id":"https:\/\/www.studiodentis.lt\/product\/toothbrush\/#primaryimage","url":"https:\/\/www.studiodentis.lt\/wp-content\/uploads\/2020\/11\/shop-img-8.jpg","contentUrl":"https:\/\/www.studiodentis.lt\/wp-content\/uploads\/2020\/11\/shop-img-8.jpg","width":800,"height":800,"caption":"s"},{"@type":"BreadcrumbList","@id":"https:\/\/www.studiodentis.lt\/product\/toothbrush\/#breadcrumb","itemListElement":[{"@type":"ListItem","position":1,"name":"Home","item":"https:\/\/www.studiodentis.lt\/"},{"@type":"ListItem","position":2,"name":"Shop","item":"https:\/\/www.studiodentis.lt\/shop\/"},{"@type":"ListItem","position":3,"name":"Toothbrush"}]},{"@type":"WebSite","@id":"https:\/\/www.studiodentis.lt\/#website","url":"https:\/\/www.studiodentis.lt\/","name":"Estetin\u0117s odontologijos klinika","description":"Estetinis plombavimas I Periodontologinis gydymas I Dant\u0173 \u0161akn\u0173 kanal\u0173 gydymas","potentialAction":[{"@type":"SearchAction","target":{"@type":"EntryPoint","urlTemplate":"https:\/\/www.studiodentis.lt\/?s={search_term_string}"},"query-input":{"@type":"PropertyValueSpecification","valueRequired":true,"valueName":"search_term_string"}}],"inLanguage":"en-GB"}]}},"_links":{"self":[{"href":"https:\/\/www.studiodentis.lt\/en\/wp-json\/wp\/v2\/product\/3040","targetHints":{"allow":["GET"]}}],"collection":[{"href":"https:\/\/www.studiodentis.lt\/en\/wp-json\/wp\/v2\/product"}],"about":[{"href":"https:\/\/www.studiodentis.lt\/en\/wp-json\/wp\/v2\/types\/product"}],"wp:featuredmedia":[{"embeddable":true,"href":"https:\/\/www.studiodentis.lt\/en\/wp-json\/wp\/v2\/media\/3049"}],"wp:attachment":[{"href":"https:\/\/www.studiodentis.lt\/en\/wp-json\/wp\/v2\/media?parent=3040"}],"wp:term":[{"taxonomy":"product_brand","embeddable":true,"href":"https:\/\/www.studiodentis.lt\/en\/wp-json\/wp\/v2\/product_brand?post=3040"},{"taxonomy":"product_cat","embeddable":true,"href":"https:\/\/www.studiodentis.lt\/en\/wp-json\/wp\/v2\/product_cat?post=3040"},{"taxonomy":"product_tag","embeddable":true,"href":"https:\/\/www.studiodentis.lt\/en\/wp-json\/wp\/v2\/product_tag?post=3040"}],"curies":[{"name":"wp","href":"https:\/\/api.w.org\/{rel}","templated":true}]}}